{"id":43429,"date":"2026-04-02T07:44:09","date_gmt":"2026-04-02T07:44:09","guid":{"rendered":"https:\/\/agglotech.com\/salon-du-mobilier\/"},"modified":"2026-04-16T12:47:32","modified_gmt":"2026-04-16T12:47:32","slug":"salon-du-mobilier","status":"publish","type":"page","link":"https:\/\/agglotech.com\/fr\/salon-du-mobilier\/","title":{"rendered":"SALON DU MOBILIER"},"content":{"rendered":"\t\t<div data-elementor-type=\"wp-page\" data-elementor-id=\"43429\" class=\"elementor elementor-43429 elementor-42844\" data-elementor-post-type=\"page\">\n\t\t\t\t<div class=\"elementor-element elementor-element-b6a0772 e-con-full e-flex e-con e-parent\" data-id=\"b6a0772\" data-element_type=\"container\" data-e-type=\"container\" data-settings=\"{&quot;background_background&quot;:&quot;classic&quot;}\">\n\t\t<div class=\"elementor-element elementor-element-a57d866 e-con-full e-flex e-con e-child\" data-id=\"a57d866\" data-element_type=\"container\" data-e-type=\"container\" data-settings=\"{&quot;background_background&quot;:&quot;classic&quot;}\">\n\t\t\t\t<div class=\"elementor-element elementor-element-10c052f animated-slow elementor-invisible elementor-widget elementor-widget-heading\" data-id=\"10c052f\" data-element_type=\"widget\" data-e-type=\"widget\" data-settings=\"{&quot;_animation&quot;:&quot;fadeInDown&quot;}\" data-widget_type=\"heading.default\">\n\t\t\t\t<div class=\"elementor-widget-container\">\n\t\t\t\t\t<h1 class=\"elementor-heading-title elementor-size-default\">Salone del Mobile 2026<\/h1>\t\t\t\t<\/div>\n\t\t\t\t<\/div>\n\t\t\t\t<\/div>\n\t\t\t\t<\/div>\n\t\t<div class=\"elementor-element elementor-element-fd6095f e-con-full e-flex e-con e-parent\" data-id=\"fd6095f\" data-element_type=\"container\" data-e-type=\"container\">\n\t\t<div class=\"elementor-element elementor-element-16f080a e-con-full e-flex e-con e-child\" data-id=\"16f080a\" data-element_type=\"container\" data-e-type=\"container\" data-settings=\"{&quot;background_background&quot;:&quot;classic&quot;}\">\n\t\t\t\t<div class=\"elementor-element elementor-element-5f5929d elementor-widget elementor-widget-text-editor\" data-id=\"5f5929d\" data-element_type=\"widget\" data-e-type=\"widget\" data-widget_type=\"text-editor.default\">\n\t\t\t\t<div class=\"elementor-widget-container\">\n\t\t\t\t\t\t\t\t\tQue se passe-t-il lorsque le terrazzo cesse d&rsquo;\u00eatre une surface pour devenir une substance architecturale? Agglotech r\u00e9pond \u00e0 cette question \u00e0 travers <b>ELEMENTS<\/b>: un <i>diorama \u00e0 l&rsquo;\u00e9chelle r\u00e9elle<\/i>, un espace construit dans lequel mati\u00e8re, structure et pr\u00e9sence humaine se composent en une sc\u00e8ne unique. Une exp\u00e9rience immersive organis\u00e9e comme un proscenium o\u00f9 vivre le terrazzo sous toutes ses formes.  \t\t\t\t\t\t\t\t<\/div>\n\t\t\t\t<\/div>\n\t\t\t\t<\/div>\n\t\t\t\t<\/div>\n\t\t<div class=\"elementor-element elementor-element-be6ce00 e-con-full e-flex e-con e-parent\" data-id=\"be6ce00\" data-element_type=\"container\" data-e-type=\"container\">\n\t\t<div class=\"elementor-element elementor-element-9971328 e-con-full e-flex e-con e-child\" data-id=\"9971328\" data-element_type=\"container\" data-e-type=\"container\">\n\t\t\t\t<div class=\"elementor-element elementor-element-deafef5 elementor-widget elementor-widget-heading\" data-id=\"deafef5\" data-element_type=\"widget\" data-e-type=\"widget\" data-widget_type=\"heading.default\">\n\t\t\t\t<div class=\"elementor-widget-container\">\n\t\t\t\t\t<h2 class=\"elementor-heading-title elementor-size-default\">Elements : le terrazzo comme espace habitable<\/h2>\t\t\t\t<\/div>\n\t\t\t\t<\/div>\n\t\t<div class=\"elementor-element elementor-element-7e58b64 e-con-full e-flex e-con e-child\" data-id=\"7e58b64\" data-element_type=\"container\" data-e-type=\"container\" data-settings=\"{&quot;background_background&quot;:&quot;classic&quot;}\">\n\t\t\t\t<div class=\"elementor-element elementor-element-efcaf8c elementor-widget elementor-widget-text-editor\" data-id=\"efcaf8c\" data-element_type=\"widget\" data-e-type=\"widget\" data-widget_type=\"text-editor.default\">\n\t\t\t\t<div class=\"elementor-widget-container\">\n\t\t\t\t\t\t\t\t\tLa pr\u00e9sence d&rsquo;Agglotech au Salone del Mobile 2026 red\u00e9finit le rapport entre mat\u00e9riau et exposition: le terrazzo n&rsquo;est pas simplement pr\u00e9sent\u00e9 en vitrine, il <b>g\u00e9n\u00e8re l&rsquo;espace lui-m\u00eame<\/b>.\t\t\t\t\t\t\t\t<\/div>\n\t\t\t\t<\/div>\n\t\t\t\t<div class=\"elementor-element elementor-element-4967e7b elementor-widget elementor-widget-text-editor\" data-id=\"4967e7b\" data-element_type=\"widget\" data-e-type=\"widget\" data-widget_type=\"text-editor.default\">\n\t\t\t\t<div class=\"elementor-widget-container\">\n\t\t\t\t\t\t\t\t\tPlut\u00f4t que de pr\u00e9senter l&rsquo;<i>Architectural Terrazzo<\/i> comme surface ou produit, <b>Elements<\/b> le traite comme une substance architecturale continue, capable de g\u00e9n\u00e9rer structure, mobilier, paysage et atmosph\u00e8re. Sols, assises et autres \u00e9l\u00e9ments suivent une logique mat\u00e9rielle unique qui abolit les hi\u00e9rarchies entre vertical et horizontal, l\u00e0 o\u00f9 objet et architecture se fondent en un tout. \t\t\t\t\t\t\t\t<\/div>\n\t\t\t\t<\/div>\n\t\t\t\t<\/div>\n\t\t\t\t<\/div>\n\t\t<div class=\"elementor-element elementor-element-980fddb e-con-full e-flex e-con e-child\" data-id=\"980fddb\" data-element_type=\"container\" data-e-type=\"container\">\n\t\t\t\t<div class=\"elementor-element elementor-element-702c1e1 elementor-widget elementor-widget-image\" data-id=\"702c1e1\" data-element_type=\"widget\" data-e-type=\"widget\" data-widget_type=\"image.default\">\n\t\t\t\t<div class=\"elementor-widget-container\">\n\t\t\t\t\t\t\t\t\t\t\t\t\t\t\t<img fetchpriority=\"high\" decoding=\"async\" width=\"926\" height=\"524\" src=\"https:\/\/agglotech.com\/wp-content\/uploads\/2026\/04\/elements2.png\" class=\"attachment-full size-full wp-image-43280\" alt=\"\" srcset=\"https:\/\/agglotech.com\/wp-content\/uploads\/2026\/04\/elements2.png 926w, https:\/\/agglotech.com\/wp-content\/uploads\/2026\/04\/elements2-300x170.png 300w, https:\/\/agglotech.com\/wp-content\/uploads\/2026\/04\/elements2-768x435.png 768w\" sizes=\"(max-width: 926px) 100vw, 926px\" title=\"elements2 - Agglotech\" \/>\t\t\t\t\t\t\t\t\t\t\t\t\t\t\t<\/div>\n\t\t\t\t<\/div>\n\t\t\t\t<\/div>\n\t\t\t\t<\/div>\n\t\t<div class=\"elementor-element elementor-element-db7c511 e-con-full e-flex e-con e-parent\" data-id=\"db7c511\" data-element_type=\"container\" data-e-type=\"container\" data-settings=\"{&quot;background_background&quot;:&quot;classic&quot;}\">\n\t\t<div class=\"elementor-element elementor-element-23229af e-con-full animated-slow e-flex elementor-invisible e-con e-child\" data-id=\"23229af\" data-element_type=\"container\" data-e-type=\"container\" data-settings=\"{&quot;background_background&quot;:&quot;classic&quot;,&quot;animation&quot;:&quot;fadeInLeft&quot;}\">\n\t\t\t\t<div class=\"elementor-element elementor-element-08b2a73 elementor-widget elementor-widget-heading\" data-id=\"08b2a73\" data-element_type=\"widget\" data-e-type=\"widget\" data-widget_type=\"heading.default\">\n\t\t\t\t<div class=\"elementor-widget-container\">\n\t\t\t\t\t<h2 class=\"elementor-heading-title elementor-size-default\">Le \u00abProscenium Diorama\u00bb<\/h2>\t\t\t\t<\/div>\n\t\t\t\t<\/div>\n\t\t\t\t<div class=\"elementor-element elementor-element-c09f5ac elementor-widget elementor-widget-text-editor\" data-id=\"c09f5ac\" data-element_type=\"widget\" data-e-type=\"widget\" data-widget_type=\"text-editor.default\">\n\t\t\t\t<div class=\"elementor-widget-container\">\n\t\t\t\t\t\t\t\t\tAgglotech rejette la logique de l&rsquo;exposition traditionnelle en transformant l&rsquo;espace en un <b>proscenium<\/b> o\u00f9 architecture et pr\u00e9sence humaine se tiennent ensemble.\nDans ce projet, <i>l&rsquo;Architectural Terrazzo<\/i> exprime sa nature la plus authentique : non comme ornement, mais comme mati\u00e8re capable de <b>tenir ensemble tradition et projet contemporain<\/b> d&rsquo;un c\u00f4t\u00e9, rigueur et jeu de l&rsquo;autre.\t\t\t\t\t\t\t\t<\/div>\n\t\t\t\t<\/div>\n\t\t\t\t<div class=\"elementor-element elementor-element-38e66aa elementor-widget elementor-widget-text-editor\" data-id=\"38e66aa\" data-element_type=\"widget\" data-e-type=\"widget\" data-widget_type=\"text-editor.default\">\n\t\t\t\t<div class=\"elementor-widget-container\">\n\t\t\t\t\t\t\t\t\tLe stand est construit selon une s\u00e9quence de cadres parall\u00e8les qui g\u00e9n\u00e8rent de la profondeur et d\u00e9finissent le rythme de la sc\u00e8ne. Le visiteur traverse l&rsquo;installation comme on entre dans une maquette, devenant partie int\u00e9grante d&rsquo;une sc\u00e8ne spatiale soigneusement compos\u00e9e.\nLa pr\u00e9sence humaine s&rsquo;int\u00e8gre au projet : bar, assises et espaces de rencontre \u00e9mergent du m\u00eame syst\u00e8me g\u00e9n\u00e9ratif, favorisant des moments de pause, d&rsquo;observation et de jeu. Le diorama devient un monde autosuffisant, o\u00f9 tout ce qu&rsquo;il faut pour l&rsquo;habiter na\u00eet de la m\u00eame mati\u00e8re.<br>Elements propose une mani\u00e8re alternative d&rsquo;exposer le mat\u00e9riau: ni comme \u00e9chantillon, ni comme spectacle, mais comme <b>\u00e9vidence habitable<\/b>. Un lieu o\u00f9 l&rsquo;intelligence mat\u00e9rielle se manifeste \u00e0 travers l&rsquo;espace, le temps et l&rsquo;usage humain.   \t\t\t\t\t\t\t\t<\/div>\n\t\t\t\t<\/div>\n\t\t\t\t<\/div>\n\t\t\t\t<\/div>\n\t\t<div class=\"elementor-element elementor-element-c5f77b9 e-con-full e-flex e-con e-parent\" data-id=\"c5f77b9\" data-element_type=\"container\" data-e-type=\"container\">\n\t\t<div class=\"elementor-element elementor-element-07ee2db e-con-full e-flex e-con e-child\" data-id=\"07ee2db\" data-element_type=\"container\" data-e-type=\"container\">\n\t\t\t\t<div class=\"elementor-element elementor-element-92b4274 elementor-widget elementor-widget-heading\" data-id=\"92b4274\" data-element_type=\"widget\" data-e-type=\"widget\" data-widget_type=\"heading.default\">\n\t\t\t\t<div class=\"elementor-widget-container\">\n\t\t\t\t\t<h2 class=\"elementor-heading-title elementor-size-default\">Quand la couleur est architecture<\/h2>\t\t\t\t<\/div>\n\t\t\t\t<\/div>\n\t\t<div class=\"elementor-element elementor-element-cc44089 e-con-full e-flex e-con e-child\" data-id=\"cc44089\" data-element_type=\"container\" data-e-type=\"container\" data-settings=\"{&quot;background_background&quot;:&quot;classic&quot;}\">\n\t\t\t\t<div class=\"elementor-element elementor-element-9a013c8 elementor-widget elementor-widget-text-editor\" data-id=\"9a013c8\" data-element_type=\"widget\" data-e-type=\"widget\" data-widget_type=\"text-editor.default\">\n\t\t\t\t<div class=\"elementor-widget-container\">\n\t\t\t\t\t\t\t\t\tLe terrazzo est envisag\u00e9 comme un champ non hi\u00e9rarchique : dense mais pr\u00e9cis, capable de construire une atmosph\u00e8re \u00e0 travers couleur et texture. Le choix chromatique \u2014 beige chaud dans les blocs de terrazzo sur fond vert profond \u2014 n&rsquo;est pas d\u00e9coratif, il est architectural. L&rsquo;environnement n&rsquo;entre pas en comp\u00e9tition avec le contexte de la foire : il s&rsquo;en d\u00e9tache et s&rsquo;affirme comme un fragment autonome, temporairement inscrit dans l&rsquo;espace de l&rsquo;exposition.   \t\t\t\t\t\t\t\t<\/div>\n\t\t\t\t<\/div>\n\t\t\t\t<\/div>\n\t\t\t\t<\/div>\n\t\t<div class=\"elementor-element elementor-element-da24351 e-con-full e-flex e-con e-child\" data-id=\"da24351\" data-element_type=\"container\" data-e-type=\"container\">\n\t\t\t\t<div class=\"elementor-element elementor-element-91b1dbd elementor-widget elementor-widget-image\" data-id=\"91b1dbd\" data-element_type=\"widget\" data-e-type=\"widget\" data-widget_type=\"image.default\">\n\t\t\t\t<div class=\"elementor-widget-container\">\n\t\t\t\t\t\t\t\t\t\t\t\t\t\t\t<img decoding=\"async\" width=\"845\" height=\"749\" src=\"https:\/\/agglotech.com\/wp-content\/uploads\/2026\/04\/Group-305.png\" class=\"attachment-full size-full wp-image-43284\" alt=\"\" srcset=\"https:\/\/agglotech.com\/wp-content\/uploads\/2026\/04\/Group-305.png 845w, https:\/\/agglotech.com\/wp-content\/uploads\/2026\/04\/Group-305-300x266.png 300w, https:\/\/agglotech.com\/wp-content\/uploads\/2026\/04\/Group-305-768x681.png 768w\" sizes=\"(max-width: 845px) 100vw, 845px\" title=\"Group 305 - Agglotech\" \/>\t\t\t\t\t\t\t\t\t\t\t\t\t\t\t<\/div>\n\t\t\t\t<\/div>\n\t\t\t\t<\/div>\n\t\t\t\t<\/div>\n\t\t<div class=\"elementor-element elementor-element-b35d9a4 e-con-full e-flex e-con e-parent\" data-id=\"b35d9a4\" data-element_type=\"container\" data-e-type=\"container\">\n\t\t<div class=\"elementor-element elementor-element-9dd8de5 e-con-full e-flex e-con e-child\" data-id=\"9dd8de5\" data-element_type=\"container\" data-e-type=\"container\">\n\t\t\t\t<div class=\"elementor-element elementor-element-1fc42b1 elementor-widget elementor-widget-image\" data-id=\"1fc42b1\" data-element_type=\"widget\" data-e-type=\"widget\" data-widget_type=\"image.default\">\n\t\t\t\t<div class=\"elementor-widget-container\">\n\t\t\t\t\t\t\t\t\t\t\t\t\t\t\t<img decoding=\"async\" width=\"983\" height=\"453\" src=\"https:\/\/agglotech.com\/wp-content\/uploads\/2026\/04\/sedie-marmo.jpg\" class=\"attachment-full size-full wp-image-43283\" alt=\"\" srcset=\"https:\/\/agglotech.com\/wp-content\/uploads\/2026\/04\/sedie-marmo.jpg 983w, https:\/\/agglotech.com\/wp-content\/uploads\/2026\/04\/sedie-marmo-300x138.jpg 300w, https:\/\/agglotech.com\/wp-content\/uploads\/2026\/04\/sedie-marmo-768x354.jpg 768w\" sizes=\"(max-width: 983px) 100vw, 983px\" title=\"sedie-marmo - Agglotech\" \/>\t\t\t\t\t\t\t\t\t\t\t\t\t\t\t<\/div>\n\t\t\t\t<\/div>\n\t\t\t\t<\/div>\n\t\t<div class=\"elementor-element elementor-element-c3f4056 e-con-full e-flex e-con e-child\" data-id=\"c3f4056\" data-element_type=\"container\" data-e-type=\"container\">\n\t\t\t\t<div class=\"elementor-element elementor-element-e978aaf elementor-widget elementor-widget-heading\" data-id=\"e978aaf\" data-element_type=\"widget\" data-e-type=\"widget\" data-widget_type=\"heading.default\">\n\t\t\t\t<div class=\"elementor-widget-container\">\n\t\t\t\t\t<h2 class=\"elementor-heading-title elementor-size-default\">La vision de Michael Vincent UY<\/h2>\t\t\t\t<\/div>\n\t\t\t\t<\/div>\n\t\t<div class=\"elementor-element elementor-element-5c19768 e-con-full e-flex e-con e-child\" data-id=\"5c19768\" data-element_type=\"container\" data-e-type=\"container\" data-settings=\"{&quot;background_background&quot;:&quot;classic&quot;}\">\n\t\t\t\t<div class=\"elementor-element elementor-element-00a95e8 elementor-widget elementor-widget-text-editor\" data-id=\"00a95e8\" data-element_type=\"widget\" data-e-type=\"widget\" data-widget_type=\"text-editor.default\">\n\t\t\t\t<div class=\"elementor-widget-container\">\n\t\t\t\t\t\t\t\t\t<p>Elements porte la signature de <b>Michael Vincent UY<\/b>, <i>directeur cr\u00e9atif d&rsquo;Agglotech<\/i>, qui apporte \u00e0 cette installation une esth\u00e9tique pr\u00e9cise : histoire et contemporan\u00e9it\u00e9 en \u00e9quilibre, d\u00e9tail et clart\u00e9 spatiale comme seul langage. Une approche qui ne s\u00e9pare jamais architecture, design et identit\u00e9 culturelle. Le r\u00e9sultat est un espace qui ne demande pas \u00e0 \u00eatre regard\u00e9, mais travers\u00e9.  <\/p>\t\t\t\t\t\t\t\t<\/div>\n\t\t\t\t<\/div>\n\t\t\t\t<div class=\"elementor-element elementor-element-c030404 elementor-widget elementor-widget-text-editor\" data-id=\"c030404\" data-element_type=\"widget\" data-e-type=\"widget\" data-widget_type=\"text-editor.default\">\n\t\t\t\t<div class=\"elementor-widget-container\">\n\t\t\t\t\t\t\t\t\tLe terrazzo ne se d\u00e9crit pas, il se traverse.\t\t\t\t\t\t\t\t<\/div>\n\t\t\t\t<\/div>\n\t\t\t\t<div class=\"elementor-element elementor-element-1b7d139 elementor-widget elementor-widget-text-editor\" data-id=\"1b7d139\" data-element_type=\"widget\" data-e-type=\"widget\" data-widget_type=\"text-editor.default\">\n\t\t\t\t<div class=\"elementor-widget-container\">\n\t\t\t\t\t\t\t\t\tBienvenue dans Elements\t\t\t\t\t\t\t\t<\/div>\n\t\t\t\t<\/div>\n\t\t\t\t<\/div>\n\t\t\t\t<\/div>\n\t\t\t\t<\/div>\n\t\t<div class=\"elementor-element elementor-element-a95357b e-con-full e-flex e-con e-parent\" data-id=\"a95357b\" data-element_type=\"container\" data-e-type=\"container\">\n\t\t<div class=\"elementor-element elementor-element-6039c47 e-con-full e-flex e-con e-child\" data-id=\"6039c47\" data-element_type=\"container\" data-e-type=\"container\">\n\t\t\t\t<div class=\"elementor-element elementor-element-48bd23a elementor-widget elementor-widget-text-editor\" data-id=\"48bd23a\" data-element_type=\"widget\" data-e-type=\"widget\" data-widget_type=\"text-editor.default\">\n\t\t\t\t<div class=\"elementor-widget-container\">\n\t\t\t\t\t\t\t\t\tNous vous attendons du <b>21 au 26 avril<\/b> au <b>Hall 13, Stand D32<\/b>. \t\t\t\t\t\t\t\t<\/div>\n\t\t\t\t<\/div>\n\t\t\t\t<div class=\"elementor-element elementor-element-8e64b5a elementor-widget elementor-widget-text-editor\" data-id=\"8e64b5a\" data-element_type=\"widget\" data-e-type=\"widget\" data-widget_type=\"text-editor.default\">\n\t\t\t\t<div class=\"elementor-widget-container\">\n\t\t\t\t\t\t\t\t\tD\u00e9couvrez la<a style=\"text-decoration:underline\" href=\"https:\/\/www.salonemilano.it\/it\/brands\/agglotech-spa\" rel=\"noopener\" target=\"_blank\"> fiche de pr\u00e9sentation d&rsquo;Agglotech<\/a> sur le site officiel du Salone del Mobile. \t\t\t\t\t\t\t\t<\/div>\n\t\t\t\t<\/div>\n\t\t\t\t<\/div>\n\t\t\t\t<\/div>\n\t\t<div class=\"elementor-element elementor-element-546be1b e-con-full e-flex e-con e-parent\" data-id=\"546be1b\" data-element_type=\"container\" data-e-type=\"container\">\n\t\t<div class=\"elementor-element elementor-element-a6893b6 e-con-full e-flex e-con e-child\" data-id=\"a6893b6\" data-element_type=\"container\" data-e-type=\"container\">\n\t\t\t\t<div class=\"elementor-element elementor-element-c5bfc9b elementor-widget elementor-widget-text-editor\" data-id=\"c5bfc9b\" data-element_type=\"widget\" data-e-type=\"widget\" data-widget_type=\"text-editor.default\">\n\t\t\t\t<div class=\"elementor-widget-container\">\n\t\t\t\t\t\t\t\t\t    <div style=\"width:100%;overflow:hidden;box-sizing:border-box;padding:20px 25px;\">\n        <iframe\n            id=\"map\"\n            style=\"width:100%;height:750px;border:none;display:block;\"\n            src=\"https:\/\/indoor.woosmap.com\/salone-del-mobile\/map\/?language=it&#038;token=eyJ0eXAiOiJKV1QiLCJhbGciOiJIUzI1NiJ9.eyJpZCI6MCwiaWF0IjoxNzc1ODI2Mjg3fQ.XqOkKBJL2ZWK-SpTvaEYublAGIom_S41ziRO4Vk4jpk\"\n            loading=\"lazy\"\n            allowfullscreen>\n        <\/iframe>\n    <\/div>\n    \t\t\t\t\t\t\t\t<\/div>\n\t\t\t\t<\/div>\n\t\t\t\t<\/div>\n\t\t\t\t<\/div>\n\t\t\t\t<\/div>\n\t\t","protected":false},"excerpt":{"rendered":"<p>Salone del Mobile 2026 Que se passe-t-il lorsque le terrazzo cesse d&rsquo;\u00eatre une surface pour devenir une substance architecturale? Agglotech r\u00e9pond \u00e0 cette question \u00e0 travers ELEMENTS: un diorama \u00e0 l&rsquo;\u00e9chelle r\u00e9elle, un espace construit dans lequel mati\u00e8re, structure et pr\u00e9sence humaine se composent en une sc\u00e8ne unique. Une exp\u00e9rience immersive organis\u00e9e comme un proscenium [&hellip;]<\/p>\n","protected":false},"author":1,"featured_media":0,"parent":0,"menu_order":0,"comment_status":"closed","ping_status":"closed","template":"","meta":{"footnotes":""},"class_list":["post-43429","page","type-page","status-publish","hentry"],"aioseo_notices":[],"_links":{"self":[{"href":"https:\/\/agglotech.com\/fr\/wp-json\/wp\/v2\/pages\/43429","targetHints":{"allow":["GET"]}}],"collection":[{"href":"https:\/\/agglotech.com\/fr\/wp-json\/wp\/v2\/pages"}],"about":[{"href":"https:\/\/agglotech.com\/fr\/wp-json\/wp\/v2\/types\/page"}],"author":[{"embeddable":true,"href":"https:\/\/agglotech.com\/fr\/wp-json\/wp\/v2\/users\/1"}],"replies":[{"embeddable":true,"href":"https:\/\/agglotech.com\/fr\/wp-json\/wp\/v2\/comments?post=43429"}],"version-history":[{"count":1,"href":"https:\/\/agglotech.com\/fr\/wp-json\/wp\/v2\/pages\/43429\/revisions"}],"predecessor-version":[{"id":43433,"href":"https:\/\/agglotech.com\/fr\/wp-json\/wp\/v2\/pages\/43429\/revisions\/43433"}],"wp:attachment":[{"href":"https:\/\/agglotech.com\/fr\/wp-json\/wp\/v2\/media?parent=43429"}],"curies":[{"name":"wp","href":"https:\/\/api.w.org\/{rel}","templated":true}]}}