{"id":33669,"date":"2025-05-23T12:22:45","date_gmt":"2025-05-23T12:22:45","guid":{"rendered":"https:\/\/agglotech.com\/applications\/"},"modified":"2026-04-16T12:38:28","modified_gmt":"2026-04-16T12:38:28","slug":"applications","status":"publish","type":"page","link":"https:\/\/agglotech.com\/fr\/applications\/","title":{"rendered":"APPLICATIONS"},"content":{"rendered":"\t\t<div data-elementor-type=\"wp-page\" data-elementor-id=\"33669\" class=\"elementor elementor-33669 elementor-141\" data-elementor-post-type=\"page\">\n\t\t\t\t<div class=\"elementor-element elementor-element-2c624e3 e-con-full e-flex e-con e-parent\" data-id=\"2c624e3\" data-element_type=\"container\" data-e-type=\"container\" data-settings=\"{&quot;background_background&quot;:&quot;classic&quot;}\">\n\t\t<div class=\"elementor-element elementor-element-e4237ff e-con-full e-flex e-con e-child\" data-id=\"e4237ff\" data-element_type=\"container\" data-e-type=\"container\" data-settings=\"{&quot;background_background&quot;:&quot;slideshow&quot;,&quot;background_slideshow_gallery&quot;:[{&quot;id&quot;:33656,&quot;url&quot;:&quot;https:\\\/\\\/agglotech.com\\\/wp-content\\\/uploads\\\/2025\\\/10\\\/LIGHTWELL-Taipei-Taiwan-SB-143-SB-240-SB-250-retail-04-2.jpg&quot;},{&quot;id&quot;:33657,&quot;url&quot;:&quot;https:\\\/\\\/agglotech.com\\\/wp-content\\\/uploads\\\/2025\\\/10\\\/am-knie-munich-germany-sb100-centri-direzionali-rivestimenti-1-ok-1.jpg&quot;},{&quot;id&quot;:33658,&quot;url&quot;:&quot;https:\\\/\\\/agglotech.com\\\/wp-content\\\/uploads\\\/2025\\\/10\\\/falconeri-firenze-custom-retail-2-ok-1.jpg&quot;},{&quot;id&quot;:33659,&quot;url&quot;:&quot;https:\\\/\\\/agglotech.com\\\/wp-content\\\/uploads\\\/2025\\\/10\\\/a6651535-40d8-4fa1-ada0-1dffc6397bef-1.jpg&quot;},{&quot;id&quot;:33660,&quot;url&quot;:&quot;https:\\\/\\\/agglotech.com\\\/wp-content\\\/uploads\\\/2025\\\/10\\\/35b0c197-bef6-4f9f-bac7-2e3bddc34095-1.jpg&quot;}],&quot;background_slideshow_lazyload&quot;:&quot;yes&quot;,&quot;background_slideshow_ken_burns&quot;:&quot;yes&quot;,&quot;background_slideshow_slide_duration&quot;:4000,&quot;background_slideshow_loop&quot;:&quot;yes&quot;,&quot;background_slideshow_slide_transition&quot;:&quot;fade&quot;,&quot;background_slideshow_transition_duration&quot;:500,&quot;background_slideshow_ken_burns_zoom_direction&quot;:&quot;in&quot;}\">\n\t\t\t\t<div class=\"elementor-element elementor-element-4be1d4e animated-slow elementor-invisible elementor-widget elementor-widget-heading\" data-id=\"4be1d4e\" data-element_type=\"widget\" data-e-type=\"widget\" data-settings=\"{&quot;_animation&quot;:&quot;fadeInDown&quot;}\" data-widget_type=\"heading.default\">\n\t\t\t\t<div class=\"elementor-widget-container\">\n\t\t\t\t\t<h1 class=\"elementor-heading-title elementor-size-default\">APPLICATIONS<\/h1>\t\t\t\t<\/div>\n\t\t\t\t<\/div>\n\t\t\t\t<\/div>\n\t\t\t\t<\/div>\n\t\t<div class=\"elementor-element elementor-element-40c6c8a e-con-full e-flex e-con e-parent\" data-id=\"40c6c8a\" data-element_type=\"container\" data-e-type=\"container\">\n\t\t<div class=\"elementor-element elementor-element-11289f7 e-con-full e-flex e-con e-child\" data-id=\"11289f7\" data-element_type=\"container\" data-e-type=\"container\">\n\t\t\t\t<div class=\"elementor-element elementor-element-7d0c845 elementor-widget elementor-widget-heading\" data-id=\"7d0c845\" data-element_type=\"widget\" data-e-type=\"widget\" data-widget_type=\"heading.default\">\n\t\t\t\t<div class=\"elementor-widget-container\">\n\t\t\t\t\t<h2 class=\"elementor-heading-title elementor-size-default\">Toutes les applications du terrazzo pour des projets sur mesure<\/h2>\t\t\t\t<\/div>\n\t\t\t\t<\/div>\n\t\t\t\t<\/div>\n\t\t<div class=\"elementor-element elementor-element-464f185 e-con-full e-flex e-con e-child\" data-id=\"464f185\" data-element_type=\"container\" data-e-type=\"container\" data-settings=\"{&quot;background_background&quot;:&quot;classic&quot;}\">\n\t\t\t\t<div class=\"elementor-element elementor-element-cca3c3e elementor-widget elementor-widget-text-editor\" data-id=\"cca3c3e\" data-element_type=\"widget\" data-e-type=\"widget\" data-widget_type=\"text-editor.default\">\n\t\t\t\t<div class=\"elementor-widget-container\">\n\t\t\t\t\t\t\t\t\t<p style=\"margin: 0;\">Le terrazzo Agglotech s&rsquo;adapte \u00e0 <b>chaque besoin architectural<\/b>, du rev\u00eatement de sol aux \u00e9l\u00e9ments de design pour int\u00e9rieurs et ext\u00e9rieurs. Il est disponible en formats, finitions et traitements con\u00e7us pour s&rsquo;int\u00e9grer dans chaque partie du projet : <b>surfaces horizontales, verticales et \u00e9l\u00e9ments sur mesure<\/b>. Du rev\u00eatement de sol aux fa\u00e7ades, jusqu&rsquo;aux d\u00e9tails de design d&rsquo;int\u00e9rieur, toutes les applications du terrazzo naissent pour garantir la r\u00e9sistance, la continuit\u00e9 esth\u00e9tique et la libert\u00e9 compositionnelle.  <\/p>\t\t\t\t\t\t\t\t<\/div>\n\t\t\t\t<\/div>\n\t\t\t\t<\/div>\n\t\t\t\t<div class=\"elementor-element elementor-element-df1b045 elementor-widget elementor-widget-text-editor\" data-id=\"df1b045\" data-element_type=\"widget\" data-e-type=\"widget\" data-widget_type=\"text-editor.default\">\n\t\t\t\t<div class=\"elementor-widget-container\">\n\t\t\t\t\t\t\t\t\tD\u00e9couvrez toutes les applications du terrazzo Agglotech avec des exemples r\u00e9alis\u00e9s, des indications techniques et des inspirations pour votre prochain projet!\t\t\t\t\t\t\t\t<\/div>\n\t\t\t\t<\/div>\n\t\t\t\t<\/div>\n\t\t<div class=\"elementor-element elementor-element-2b00840 e-con-full e-flex e-con e-parent\" data-id=\"2b00840\" data-element_type=\"container\" data-e-type=\"container\">\n\t\t<div class=\"elementor-element elementor-element-1c3a947 e-con-full e-flex e-con e-child\" data-id=\"1c3a947\" data-element_type=\"container\" data-e-type=\"container\">\n\t\t<a class=\"elementor-element elementor-element-de0abcb e-con-full box-applicazioni e-flex e-con e-child\" data-id=\"de0abcb\" data-element_type=\"container\" data-e-type=\"container\" href=\"https:\/\/agglotech.com\/applicazioni-del-terrazzo\/pavimenti\/\">\n\t\t\t\t<div class=\"elementor-element elementor-element-a40c096 title-applicazioni elementor-widget elementor-widget-heading\" data-id=\"a40c096\" data-element_type=\"widget\" data-e-type=\"widget\" data-widget_type=\"heading.default\">\n\t\t\t\t<div class=\"elementor-widget-container\">\n\t\t\t\t\t<h2 class=\"elementor-heading-title elementor-size-default\">REV\u00caTEMENTS DE SOL<\/h2>\t\t\t\t<\/div>\n\t\t\t\t<\/div>\n\t\t\t\t<div class=\"elementor-element elementor-element-dcd2f54 text-applicazioni elementor-widget elementor-widget-text-editor\" data-id=\"dcd2f54\" data-element_type=\"widget\" data-e-type=\"widget\" data-widget_type=\"text-editor.default\">\n\t\t\t\t<div class=\"elementor-widget-container\">\n\t\t\t\t\t\t\t\t\tSolutions r\u00e9sistantes et polyvalentes pour int\u00e9rieurs et ext\u00e9rieurs, m\u00eame dans les contextes \u00e0 fort trafic comme les halls, galeries commerciales et espaces publics.\t\t\t\t\t\t\t\t<\/div>\n\t\t\t\t<\/div>\n\t\t\t\t<\/a>\n\t\t<a class=\"elementor-element elementor-element-8755323 e-con-full box-applicazioni e-flex e-con e-child\" data-id=\"8755323\" data-element_type=\"container\" data-e-type=\"container\" href=\"https:\/\/agglotech.com\/applicazioni-del-terrazzo\/scale\/\">\n\t\t\t\t<div class=\"elementor-element elementor-element-b1d6a25 title-applicazioni elementor-widget elementor-widget-heading\" data-id=\"b1d6a25\" data-element_type=\"widget\" data-e-type=\"widget\" data-widget_type=\"heading.default\">\n\t\t\t\t<div class=\"elementor-widget-container\">\n\t\t\t\t\t<h2 class=\"elementor-heading-title elementor-size-default\">ESCALIERS<\/h2>\t\t\t\t<\/div>\n\t\t\t\t<\/div>\n\t\t\t\t<div class=\"elementor-element elementor-element-8723483 text-applicazioni elementor-widget elementor-widget-text-editor\" data-id=\"8723483\" data-element_type=\"widget\" data-e-type=\"widget\" data-widget_type=\"text-editor.default\">\n\t\t\t\t<div class=\"elementor-widget-container\">\n\t\t\t\t\t\t\t\t\tMarches, girons, contremarches et blocs monolithiques en terrazzo, \u00e9tudi\u00e9s pour allier s\u00e9curit\u00e9, durabilit\u00e9 et continuit\u00e9 visuelle entre les diff\u00e9rents niveaux du projet.\t\t\t\t\t\t\t\t<\/div>\n\t\t\t\t<\/div>\n\t\t\t\t<\/a>\n\t\t<a class=\"elementor-element elementor-element-0a43771 e-con-full box-applicazioni e-flex e-con e-child\" data-id=\"0a43771\" data-element_type=\"container\" data-e-type=\"container\" href=\"https:\/\/agglotech.com\/applicazioni-del-terrazzo\/retail\/\">\n\t\t\t\t<div class=\"elementor-element elementor-element-de418fd title-applicazioni elementor-widget elementor-widget-heading\" data-id=\"de418fd\" data-element_type=\"widget\" data-e-type=\"widget\" data-widget_type=\"heading.default\">\n\t\t\t\t<div class=\"elementor-widget-container\">\n\t\t\t\t\t<h2 class=\"elementor-heading-title elementor-size-default\">RETAIL<\/h2>\t\t\t\t<\/div>\n\t\t\t\t<\/div>\n\t\t\t\t<div class=\"elementor-element elementor-element-78ce435 text-applicazioni elementor-widget elementor-widget-text-editor\" data-id=\"78ce435\" data-element_type=\"widget\" data-e-type=\"widget\" data-widget_type=\"text-editor.default\">\n\t\t\t\t<div class=\"elementor-widget-container\">\n\t\t\t\t\t\t\t\t\tSurfaces en terrazzo pour magasins, boutiques et espaces d&rsquo;exposition, con\u00e7ues pour r\u00e9sister au trafic intense et valoriser l&rsquo;identit\u00e9 de la marque.\t\t\t\t\t\t\t\t<\/div>\n\t\t\t\t<\/div>\n\t\t\t\t<\/a>\n\t\t<a class=\"elementor-element elementor-element-8fc26cb e-con-full box-applicazioni e-flex e-con e-child\" data-id=\"8fc26cb\" data-element_type=\"container\" data-e-type=\"container\" href=\"https:\/\/agglotech.com\/applicazioni-del-terrazzo\/rivestimenti\/\">\n\t\t\t\t<div class=\"elementor-element elementor-element-36e4eae title-applicazioni elementor-widget elementor-widget-heading\" data-id=\"36e4eae\" data-element_type=\"widget\" data-e-type=\"widget\" data-widget_type=\"heading.default\">\n\t\t\t\t<div class=\"elementor-widget-container\">\n\t\t\t\t\t<h2 class=\"elementor-heading-title elementor-size-default\">REV\u00caTEMENTS MURAUX<\/h2>\t\t\t\t<\/div>\n\t\t\t\t<\/div>\n\t\t\t\t<div class=\"elementor-element elementor-element-f498369 text-applicazioni elementor-widget elementor-widget-text-editor\" data-id=\"f498369\" data-element_type=\"widget\" data-e-type=\"widget\" data-widget_type=\"text-editor.default\">\n\t\t\t\t<div class=\"elementor-widget-container\">\n\t\t\t\t\t\t\t\t\tMurs internes et externes coordonn\u00e9s avec le rev\u00eatement de sol, pour cr\u00e9er des environnements continus et coh\u00e9rents en architecture et design d&rsquo;int\u00e9rieur.\t\t\t\t\t\t\t\t<\/div>\n\t\t\t\t<\/div>\n\t\t\t\t<\/a>\n\t\t<a class=\"elementor-element elementor-element-6f5fa9a e-con-full box-applicazioni e-flex e-con e-child\" data-id=\"6f5fa9a\" data-element_type=\"container\" data-e-type=\"container\" href=\"https:\/\/agglotech.com\/applicazioni-del-terrazzo\/facciate-ventilate\/\">\n\t\t\t\t<div class=\"elementor-element elementor-element-a09ea00 title-applicazioni elementor-widget elementor-widget-heading\" data-id=\"a09ea00\" data-element_type=\"widget\" data-e-type=\"widget\" data-widget_type=\"heading.default\">\n\t\t\t\t<div class=\"elementor-widget-container\">\n\t\t\t\t\t<h2 class=\"elementor-heading-title elementor-size-default\">FA\u00c7ADES VENTIL\u00c9ES<\/h2>\t\t\t\t<\/div>\n\t\t\t\t<\/div>\n\t\t\t\t<div class=\"elementor-element elementor-element-ea1af84 text-applicazioni elementor-widget elementor-widget-text-editor\" data-id=\"ea1af84\" data-element_type=\"widget\" data-e-type=\"widget\" data-widget_type=\"text-editor.default\">\n\t\t\t\t<div class=\"elementor-widget-container\">\n\t\t\t\t\t\t\t\t\tSyst\u00e8me certifi\u00e9 pour les enveloppes architecturales haute performance, avec des dalles r\u00e9sistantes aux agents atmosph\u00e9riques et grande libert\u00e9 de conception.\t\t\t\t\t\t\t\t<\/div>\n\t\t\t\t<\/div>\n\t\t\t\t<\/a>\n\t\t<a class=\"elementor-element elementor-element-f8690ed e-con-full box-applicazioni e-flex e-con e-child\" data-id=\"f8690ed\" data-element_type=\"container\" data-e-type=\"container\" href=\"https:\/\/agglotech.com\/applicazioni-del-terrazzo\/lavorazioni-in-massello-in-terrazzo\/\">\n\t\t\t\t<div class=\"elementor-element elementor-element-222fc69 title-applicazioni elementor-widget elementor-widget-heading\" data-id=\"222fc69\" data-element_type=\"widget\" data-e-type=\"widget\" data-widget_type=\"heading.default\">\n\t\t\t\t<div class=\"elementor-widget-container\">\n\t\t\t\t\t<h2 class=\"elementor-heading-title elementor-size-default\">TRAVAUX EN MASSIF<\/h2>\t\t\t\t<\/div>\n\t\t\t\t<\/div>\n\t\t\t\t<div class=\"elementor-element elementor-element-b49fe4d text-applicazioni elementor-widget elementor-widget-text-editor\" data-id=\"b49fe4d\" data-element_type=\"widget\" data-e-type=\"widget\" data-widget_type=\"text-editor.default\">\n\t\t\t\t<div class=\"elementor-widget-container\">\n\t\t\t\t\t\t\t\t\t\u00c9l\u00e9ments tridimensionnels et mobilier sculpt\u00e9s en bloc, comme des marches massives, des bancs, des comptoirs de r\u00e9ception et des composants architecturaux personnalis\u00e9s.\t\t\t\t\t\t\t\t<\/div>\n\t\t\t\t<\/div>\n\t\t\t\t<\/a>\n\t\t<a class=\"elementor-element elementor-element-c0c81fd e-con-full box-applicazioni e-flex e-con e-child\" data-id=\"c0c81fd\" data-element_type=\"container\" data-e-type=\"container\" href=\"https:\/\/agglotech.com\/applicazioni-del-terrazzo\/oggetti\/\">\n\t\t\t\t<div class=\"elementor-element elementor-element-ded89de title-applicazioni elementor-widget elementor-widget-heading\" data-id=\"ded89de\" data-element_type=\"widget\" data-e-type=\"widget\" data-widget_type=\"heading.default\">\n\t\t\t\t<div class=\"elementor-widget-container\">\n\t\t\t\t\t<h2 class=\"elementor-heading-title elementor-size-default\">OBJETS<\/h2>\t\t\t\t<\/div>\n\t\t\t\t<\/div>\n\t\t\t\t<div class=\"elementor-element elementor-element-33fa3c5 text-applicazioni elementor-widget elementor-widget-text-editor\" data-id=\"33fa3c5\" data-element_type=\"widget\" data-e-type=\"widget\" data-widget_type=\"text-editor.default\">\n\t\t\t\t<div class=\"elementor-widget-container\">\n\t\t\t\t\t\t\t\t\tCompl\u00e9ments et objets en terrazzo comme des tables, des si\u00e8ges et des volumes d\u00e9coratifs pour apporter le mat\u00e9riau \u00e9galement dans le design de produits et d&rsquo;int\u00e9rieur \u00e0 petite \u00e9chelle.\t\t\t\t\t\t\t\t<\/div>\n\t\t\t\t<\/div>\n\t\t\t\t<\/a>\n\t\t<a class=\"elementor-element elementor-element-426c6f4 e-con-full box-applicazioni e-flex e-con e-child\" data-id=\"426c6f4\" data-element_type=\"container\" data-e-type=\"container\" data-settings=\"{&quot;background_background&quot;:&quot;classic&quot;}\" href=\"https:\/\/agglotech.com\/applicazioni-del-terrazzo\/blocchi-e-lastre-in-terrazzo\/\">\n\t\t\t\t<div class=\"elementor-element elementor-element-b7f79cb title-applicazioni elementor-widget elementor-widget-heading\" data-id=\"b7f79cb\" data-element_type=\"widget\" data-e-type=\"widget\" data-widget_type=\"heading.default\">\n\t\t\t\t<div class=\"elementor-widget-container\">\n\t\t\t\t\t<h2 class=\"elementor-heading-title elementor-size-default\">BLOCS ET DALLES<\/h2>\t\t\t\t<\/div>\n\t\t\t\t<\/div>\n\t\t\t\t<div class=\"elementor-element elementor-element-c1f60ab text-applicazioni elementor-widget elementor-widget-text-editor\" data-id=\"c1f60ab\" data-element_type=\"widget\" data-e-type=\"widget\" data-widget_type=\"text-editor.default\">\n\t\t\t\t<div class=\"elementor-widget-container\">\n\t\t\t\t\t\t\t\t\tD\u00e9coupe libre \u00e0 partir du bloc pour obtenir des dalles de grand format et des pi\u00e8ces sp\u00e9ciales, id\u00e9ales pour les surfaces continues et les d\u00e9tails architecturaux personnalis\u00e9s.\t\t\t\t\t\t\t\t<\/div>\n\t\t\t\t<\/div>\n\t\t\t\t<\/a>\n\t\t\t\t<\/div>\n\t\t\t\t<\/div>\n\t\t\t\t<\/div>\n\t\t","protected":false},"excerpt":{"rendered":"<p>APPLICATIONS Toutes les applications du terrazzo pour des projets sur mesure Le terrazzo Agglotech s&rsquo;adapte \u00e0 chaque besoin architectural, du rev\u00eatement de sol aux \u00e9l\u00e9ments de design pour int\u00e9rieurs et ext\u00e9rieurs. Il est disponible en formats, finitions et traitements con\u00e7us pour s&rsquo;int\u00e9grer dans chaque partie du projet : surfaces horizontales, verticales et \u00e9l\u00e9ments sur mesure. [&hellip;]<\/p>\n","protected":false},"author":1,"featured_media":0,"parent":0,"menu_order":1,"comment_status":"closed","ping_status":"closed","template":"","meta":{"footnotes":""},"class_list":["post-33669","page","type-page","status-publish","hentry"],"aioseo_notices":[],"_links":{"self":[{"href":"https:\/\/agglotech.com\/fr\/wp-json\/wp\/v2\/pages\/33669","targetHints":{"allow":["GET"]}}],"collection":[{"href":"https:\/\/agglotech.com\/fr\/wp-json\/wp\/v2\/pages"}],"about":[{"href":"https:\/\/agglotech.com\/fr\/wp-json\/wp\/v2\/types\/page"}],"author":[{"embeddable":true,"href":"https:\/\/agglotech.com\/fr\/wp-json\/wp\/v2\/users\/1"}],"replies":[{"embeddable":true,"href":"https:\/\/agglotech.com\/fr\/wp-json\/wp\/v2\/comments?post=33669"}],"version-history":[{"count":3,"href":"https:\/\/agglotech.com\/fr\/wp-json\/wp\/v2\/pages\/33669\/revisions"}],"predecessor-version":[{"id":43428,"href":"https:\/\/agglotech.com\/fr\/wp-json\/wp\/v2\/pages\/33669\/revisions\/43428"}],"wp:attachment":[{"href":"https:\/\/agglotech.com\/fr\/wp-json\/wp\/v2\/media?parent=33669"}],"curies":[{"name":"wp","href":"https:\/\/api.w.org\/{rel}","templated":true}]}}