{"id":33627,"date":"2025-11-10T13:25:49","date_gmt":"2025-11-10T13:25:49","guid":{"rendered":"https:\/\/agglotech.com\/catalogue\/"},"modified":"2026-02-23T09:35:31","modified_gmt":"2026-02-23T09:35:31","slug":"catalogue","status":"publish","type":"page","link":"https:\/\/agglotech.com\/fr\/catalogue\/","title":{"rendered":"CATALOGUE"},"content":{"rendered":"\t\t<div data-elementor-type=\"wp-page\" data-elementor-id=\"33627\" class=\"elementor elementor-33627 elementor-18737\" data-elementor-post-type=\"page\">\n\t\t\t\t<div class=\"elementor-element elementor-element-097d858 e-con-full e-flex e-con e-parent\" data-id=\"097d858\" data-element_type=\"container\" data-e-type=\"container\" data-settings=\"{&quot;background_background&quot;:&quot;classic&quot;}\">\n\t\t<div class=\"elementor-element elementor-element-1099d92 e-con-full e-flex e-con e-child\" data-id=\"1099d92\" data-element_type=\"container\" data-e-type=\"container\" data-settings=\"{&quot;background_background&quot;:&quot;classic&quot;}\">\n\t\t\t\t<div class=\"elementor-element elementor-element-82c8833 animated-slow elementor-invisible elementor-widget elementor-widget-heading\" data-id=\"82c8833\" data-element_type=\"widget\" data-e-type=\"widget\" data-settings=\"{&quot;_animation&quot;:&quot;fadeInDown&quot;}\" data-widget_type=\"heading.default\">\n\t\t\t\t<div class=\"elementor-widget-container\">\n\t\t\t\t\t<h1 class=\"elementor-heading-title elementor-size-default\">CATALOGUE TERRAZZO AGGLOTECH<\/h1>\t\t\t\t<\/div>\n\t\t\t\t<\/div>\n\t\t\t\t<\/div>\n\t\t\t\t<\/div>\n\t\t<div class=\"elementor-element elementor-element-a8442b9 e-con-full e-flex e-con e-parent\" data-id=\"a8442b9\" data-element_type=\"container\" data-e-type=\"container\">\n\t\t<div class=\"elementor-element elementor-element-a8f418c e-con-full e-flex e-con e-child\" data-id=\"a8f418c\" data-element_type=\"container\" data-e-type=\"container\" data-settings=\"{&quot;background_background&quot;:&quot;classic&quot;}\">\n\t\t\t\t<div class=\"elementor-element elementor-element-1e85c8a elementor-widget elementor-widget-text-editor\" data-id=\"1e85c8a\" data-element_type=\"widget\" data-e-type=\"widget\" data-widget_type=\"text-editor.default\">\n\t\t\t\t<div class=\"elementor-widget-container\">\n\t\t\t\t\t\t\t\t\t<p style=\"margin: 0;\">Le <b>catalogue terrazzo Agglotech<\/b> raconte l&rsquo;essence du terrazzo \u00e0 la v\u00e9nitienne \u00e0 travers un <b>parcours entre mat\u00e9riaux<\/b>, couleurs et textures, en \u00e9quilibre entre tradition et innovation.<\/p>\t\t\t\t\t\t\t\t<\/div>\n\t\t\t\t<\/div>\n\t\t\t\t<div class=\"elementor-element elementor-element-dffe81a elementor-widget elementor-widget-text-editor\" data-id=\"dffe81a\" data-element_type=\"widget\" data-e-type=\"widget\" data-widget_type=\"text-editor.default\">\n\t\t\t\t<div class=\"elementor-widget-container\">\n\t\t\t\t\t\t\t\t\t<p>\u00c0 c\u00f4t\u00e9 de la section d\u00e9di\u00e9e aux couleurs et aux projets r\u00e9alis\u00e9s, vous trouverez un r\u00e9sum\u00e9 des caract\u00e9ristiques de notre Terrazzo Architectural, des informations techniques et des certifications, pour lire le mat\u00e9riau aussi bien avec les yeux du design qu&rsquo;avec ceux de la technique. <\/p>\t\t\t\t\t\t\t\t<\/div>\n\t\t\t\t<\/div>\n\t\t\t\t<\/div>\n\t\t\t\t<\/div>\n\t\t<div class=\"elementor-element elementor-element-f95d922 e-con-full e-flex e-con e-parent\" data-id=\"f95d922\" data-element_type=\"container\" data-e-type=\"container\">\n\t\t<div class=\"elementor-element elementor-element-204771d e-grid e-con-full e-con e-child\" data-id=\"204771d\" data-element_type=\"container\" data-e-type=\"container\" data-settings=\"{&quot;background_background&quot;:&quot;classic&quot;}\">\n\t\t<div class=\"elementor-element elementor-element-cdb4a18 e-con-full e-flex e-con e-child\" data-id=\"cdb4a18\" data-element_type=\"container\" data-e-type=\"container\" data-settings=\"{&quot;background_background&quot;:&quot;slideshow&quot;,&quot;background_slideshow_gallery&quot;:[{&quot;id&quot;:33624,&quot;url&quot;:&quot;https:\\\/\\\/agglotech.com\\\/wp-content\\\/uploads\\\/2025\\\/12\\\/mockup-catalogo-NEW-1.jpeg&quot;},{&quot;id&quot;:33625,&quot;url&quot;:&quot;https:\\\/\\\/agglotech.com\\\/wp-content\\\/uploads\\\/2025\\\/12\\\/mockup-catalogo-interno-NEW.jpeg&quot;},{&quot;id&quot;:33626,&quot;url&quot;:&quot;https:\\\/\\\/agglotech.com\\\/wp-content\\\/uploads\\\/2025\\\/12\\\/mockup-catalogo-interno-02-NEW-1.jpeg&quot;}],&quot;background_slideshow_slide_duration&quot;:3000,&quot;background_slideshow_lazyload&quot;:&quot;yes&quot;,&quot;background_slideshow_loop&quot;:&quot;yes&quot;,&quot;background_slideshow_slide_transition&quot;:&quot;fade&quot;,&quot;background_slideshow_transition_duration&quot;:500}\">\n\t\t\t\t<\/div>\n\t\t<div class=\"elementor-element elementor-element-9463c9c e-con-full e-flex e-con e-child\" data-id=\"9463c9c\" data-element_type=\"container\" data-e-type=\"container\">\n\t\t\t\t<div class=\"elementor-element elementor-element-ce61622 elementor-widget elementor-widget-text-editor\" data-id=\"ce61622\" data-element_type=\"widget\" data-e-type=\"widget\" data-widget_type=\"text-editor.default\">\n\t\t\t\t<div class=\"elementor-widget-container\">\n\t\t\t\t\t\t\t\t\t<p>Le catalogue terrazzo Agglotech est une <b>invitation \u00e0 explorer la mati\u00e8re sous toutes ses nuances<\/b> : <i>surfaces, finitions et d\u00e9tails qui inspirent de nouvelles solutions pour l&rsquo;architecture et le design d&rsquo;int\u00e9rieur<\/i>, avec le style intemporel sign\u00e9 Agglotech.<\/p>\t\t\t\t\t\t\t\t<\/div>\n\t\t\t\t<\/div>\n\t\t\t\t<div class=\"elementor-element elementor-element-09b7cf4 elementor-align-left elementor-widget__width-inherit animated-slow elementor-mobile-align-center elementor-tablet-align-center elementor-invisible elementor-widget elementor-widget-button\" data-id=\"09b7cf4\" data-element_type=\"widget\" data-e-type=\"widget\" data-settings=\"{&quot;_animation&quot;:&quot;fadeInUp&quot;}\" role=\"button tabindex\" data-widget_type=\"button.default\">\n\t\t\t\t<div class=\"elementor-widget-container\">\n\t\t\t\t\t\t\t\t\t<div class=\"elementor-button-wrapper\">\n\t\t\t\t\t<a class=\"elementor-button elementor-button-link elementor-size-sm\" href=\"https:\/\/agglotech.com\/docs\/projects\/agglotech-projects-colours-2025.pdf\" target=\"_blank\">\n\t\t\t\t\t\t<span class=\"elementor-button-content-wrapper\">\n\t\t\t\t\t\t\t\t\t<span class=\"elementor-button-text\">T\u00c9L\u00c9CHARGER LE CATALOGUE<\/span>\n\t\t\t\t\t<\/span>\n\t\t\t\t\t<\/a>\n\t\t\t\t<\/div>\n\t\t\t\t\t\t\t\t<\/div>\n\t\t\t\t<\/div>\n\t\t\t\t<\/div>\n\t\t\t\t<\/div>\n\t\t\t\t<\/div>\n\t\t\t\t<\/div>\n\t\t","protected":false},"excerpt":{"rendered":"<p>CATALOGUE TERRAZZO AGGLOTECH Le catalogue terrazzo Agglotech raconte l&rsquo;essence du terrazzo \u00e0 la v\u00e9nitienne \u00e0 travers un parcours entre mat\u00e9riaux, couleurs et textures, en \u00e9quilibre entre tradition et innovation. \u00c0 c\u00f4t\u00e9 de la section d\u00e9di\u00e9e aux couleurs et aux projets r\u00e9alis\u00e9s, vous trouverez un r\u00e9sum\u00e9 des caract\u00e9ristiques de notre Terrazzo Architectural, des informations techniques et [&hellip;]<\/p>\n","protected":false},"author":1,"featured_media":0,"parent":0,"menu_order":0,"comment_status":"closed","ping_status":"closed","template":"","meta":{"footnotes":""},"class_list":["post-33627","page","type-page","status-publish","hentry"],"aioseo_notices":[],"_links":{"self":[{"href":"https:\/\/agglotech.com\/fr\/wp-json\/wp\/v2\/pages\/33627","targetHints":{"allow":["GET"]}}],"collection":[{"href":"https:\/\/agglotech.com\/fr\/wp-json\/wp\/v2\/pages"}],"about":[{"href":"https:\/\/agglotech.com\/fr\/wp-json\/wp\/v2\/types\/page"}],"author":[{"embeddable":true,"href":"https:\/\/agglotech.com\/fr\/wp-json\/wp\/v2\/users\/1"}],"replies":[{"embeddable":true,"href":"https:\/\/agglotech.com\/fr\/wp-json\/wp\/v2\/comments?post=33627"}],"version-history":[{"count":0,"href":"https:\/\/agglotech.com\/fr\/wp-json\/wp\/v2\/pages\/33627\/revisions"}],"wp:attachment":[{"href":"https:\/\/agglotech.com\/fr\/wp-json\/wp\/v2\/media?parent=33627"}],"curies":[{"name":"wp","href":"https:\/\/api.w.org\/{rel}","templated":true}]}}