{"id":43020,"date":"2026-04-02T07:44:09","date_gmt":"2026-04-02T07:44:09","guid":{"rendered":"https:\/\/agglotech.com\/salone-del-mobile\/"},"modified":"2026-04-15T08:39:54","modified_gmt":"2026-04-15T08:39:54","slug":"salone-del-mobile","status":"publish","type":"page","link":"https:\/\/agglotech.com\/de\/salone-del-mobile\/","title":{"rendered":"SALONE DEL MOBILE"},"content":{"rendered":"\t\t<div data-elementor-type=\"wp-page\" data-elementor-id=\"43020\" class=\"elementor elementor-43020 elementor-42844\" data-elementor-post-type=\"page\">\n\t\t\t\t<div class=\"elementor-element elementor-element-b6a0772 e-con-full e-flex e-con e-parent\" data-id=\"b6a0772\" data-element_type=\"container\" data-e-type=\"container\" data-settings=\"{&quot;background_background&quot;:&quot;classic&quot;}\">\n\t\t<div class=\"elementor-element elementor-element-a57d866 e-con-full e-flex e-con e-child\" data-id=\"a57d866\" data-element_type=\"container\" data-e-type=\"container\" data-settings=\"{&quot;background_background&quot;:&quot;classic&quot;}\">\n\t\t\t\t<div class=\"elementor-element elementor-element-10c052f animated-slow elementor-invisible elementor-widget elementor-widget-heading\" data-id=\"10c052f\" data-element_type=\"widget\" data-e-type=\"widget\" data-settings=\"{&quot;_animation&quot;:&quot;fadeInDown&quot;}\" data-widget_type=\"heading.default\">\n\t\t\t\t<div class=\"elementor-widget-container\">\n\t\t\t\t\t<h1 class=\"elementor-heading-title elementor-size-default\">Salone del Mobile 2026<\/h1>\t\t\t\t<\/div>\n\t\t\t\t<\/div>\n\t\t\t\t<\/div>\n\t\t\t\t<\/div>\n\t\t<div class=\"elementor-element elementor-element-fd6095f e-con-full e-flex e-con e-parent\" data-id=\"fd6095f\" data-element_type=\"container\" data-e-type=\"container\">\n\t\t<div class=\"elementor-element elementor-element-16f080a e-con-full e-flex e-con e-child\" data-id=\"16f080a\" data-element_type=\"container\" data-e-type=\"container\" data-settings=\"{&quot;background_background&quot;:&quot;classic&quot;}\">\n\t\t\t\t<div class=\"elementor-element elementor-element-5f5929d elementor-widget elementor-widget-text-editor\" data-id=\"5f5929d\" data-element_type=\"widget\" data-e-type=\"widget\" data-widget_type=\"text-editor.default\">\n\t\t\t\t<div class=\"elementor-widget-container\">\n\t\t\t\t\t\t\t\t\tWas geschieht, wenn Terrazzo aufh\u00f6rt, eine Oberfl\u00e4che zu sein, und zur architektonischen Substanz wird? Agglotech beantwortet diese Frage mit <b>ELEMENTS<\/b>: <i>einem Diorama im Ma\u00dfstab<\/i> 1:1, einem konstruierten Raum, in dem Material, Struktur und menschliche Pr\u00e4senz zu einer einzigen Szene verschmelzen. Ein immersives Erlebnis, gestaltet wie ein Proszenium, ein Ort, an dem Terrazzo in all seinen Formen erlebt werden kann.  \t\t\t\t\t\t\t\t<\/div>\n\t\t\t\t<\/div>\n\t\t\t\t<\/div>\n\t\t\t\t<\/div>\n\t\t<div class=\"elementor-element elementor-element-be6ce00 e-con-full e-flex e-con e-parent\" data-id=\"be6ce00\" data-element_type=\"container\" data-e-type=\"container\">\n\t\t<div class=\"elementor-element elementor-element-9971328 e-con-full e-flex e-con e-child\" data-id=\"9971328\" data-element_type=\"container\" data-e-type=\"container\">\n\t\t\t\t<div class=\"elementor-element elementor-element-deafef5 elementor-widget elementor-widget-heading\" data-id=\"deafef5\" data-element_type=\"widget\" data-e-type=\"widget\" data-widget_type=\"heading.default\">\n\t\t\t\t<div class=\"elementor-widget-container\">\n\t\t\t\t\t<h2 class=\"elementor-heading-title elementor-size-default\">Elements: il terrazzo als bewohnbarer Raum<\/h2>\t\t\t\t<\/div>\n\t\t\t\t<\/div>\n\t\t<div class=\"elementor-element elementor-element-7e58b64 e-con-full e-flex e-con e-child\" data-id=\"7e58b64\" data-element_type=\"container\" data-e-type=\"container\" data-settings=\"{&quot;background_background&quot;:&quot;classic&quot;}\">\n\t\t\t\t<div class=\"elementor-element elementor-element-efcaf8c elementor-widget elementor-widget-text-editor\" data-id=\"efcaf8c\" data-element_type=\"widget\" data-e-type=\"widget\" data-widget_type=\"text-editor.default\">\n\t\t\t\t<div class=\"elementor-widget-container\">\n\t\t\t\t\t\t\t\t\tAgglotechs Pr\u00e4senz auf der Salone del Mobile 2026 definiert das Verh\u00e4ltnis zwischen Material und Ausstellung neu: Terrazzo ist hier nicht blo\u00df ausgestellt, <b>er erzeugt den Raum selbst<\/b>.\t\t\t\t\t\t\t\t<\/div>\n\t\t\t\t<\/div>\n\t\t\t\t<div class=\"elementor-element elementor-element-4967e7b elementor-widget elementor-widget-text-editor\" data-id=\"4967e7b\" data-element_type=\"widget\" data-e-type=\"widget\" data-widget_type=\"text-editor.default\">\n\t\t\t\t<div class=\"elementor-widget-container\">\n\t\t\t\t\t\t\t\t\tAnstatt <i>Architectural Terrazzo<\/i> als Oberfl\u00e4che oder Produkt zu pr\u00e4sentieren, behandelt <b>Elements<\/b> ihn als kontinuierliche architektonische Substanz, die Struktur, Einrichtung, Landschaft und Atmosph\u00e4re hervorzubringen vermag. B\u00f6den, Sitzm\u00f6bel und weitere Elemente folgen einer einzigen materiellen Logik und heben die Hierarchien zwischen Vertikal und Horizontal auf, Objekt und Architektur verschmelzen ineinander. \t\t\t\t\t\t\t\t<\/div>\n\t\t\t\t<\/div>\n\t\t\t\t<\/div>\n\t\t\t\t<\/div>\n\t\t<div class=\"elementor-element elementor-element-980fddb e-con-full e-flex e-con e-child\" data-id=\"980fddb\" data-element_type=\"container\" data-e-type=\"container\">\n\t\t\t\t<div class=\"elementor-element elementor-element-702c1e1 elementor-widget elementor-widget-image\" data-id=\"702c1e1\" data-element_type=\"widget\" data-e-type=\"widget\" data-widget_type=\"image.default\">\n\t\t\t\t<div class=\"elementor-widget-container\">\n\t\t\t\t\t\t\t\t\t\t\t\t\t\t\t<img fetchpriority=\"high\" decoding=\"async\" width=\"926\" height=\"524\" src=\"https:\/\/agglotech.com\/wp-content\/uploads\/2026\/04\/elements2.png\" class=\"attachment-full size-full wp-image-43128\" alt=\"\" srcset=\"https:\/\/agglotech.com\/wp-content\/uploads\/2026\/04\/elements2.png 926w, https:\/\/agglotech.com\/wp-content\/uploads\/2026\/04\/elements2-300x170.png 300w, https:\/\/agglotech.com\/wp-content\/uploads\/2026\/04\/elements2-768x435.png 768w\" sizes=\"(max-width: 926px) 100vw, 926px\" title=\"elements2 - Agglotech\" \/>\t\t\t\t\t\t\t\t\t\t\t\t\t\t\t<\/div>\n\t\t\t\t<\/div>\n\t\t\t\t<\/div>\n\t\t\t\t<\/div>\n\t\t<div class=\"elementor-element elementor-element-db7c511 e-con-full e-flex e-con e-parent\" data-id=\"db7c511\" data-element_type=\"container\" data-e-type=\"container\" data-settings=\"{&quot;background_background&quot;:&quot;classic&quot;}\">\n\t\t<div class=\"elementor-element elementor-element-23229af e-con-full animated-slow e-flex elementor-invisible e-con e-child\" data-id=\"23229af\" data-element_type=\"container\" data-e-type=\"container\" data-settings=\"{&quot;background_background&quot;:&quot;classic&quot;,&quot;animation&quot;:&quot;fadeInLeft&quot;}\">\n\t\t\t\t<div class=\"elementor-element elementor-element-08b2a73 elementor-widget elementor-widget-heading\" data-id=\"08b2a73\" data-element_type=\"widget\" data-e-type=\"widget\" data-widget_type=\"heading.default\">\n\t\t\t\t<div class=\"elementor-widget-container\">\n\t\t\t\t\t<h2 class=\"elementor-heading-title elementor-size-default\">Das \u201eProscenium Diorama\u201d<\/h2>\t\t\t\t<\/div>\n\t\t\t\t<\/div>\n\t\t\t\t<div class=\"elementor-element elementor-element-c09f5ac elementor-widget elementor-widget-text-editor\" data-id=\"c09f5ac\" data-element_type=\"widget\" data-e-type=\"widget\" data-widget_type=\"text-editor.default\">\n\t\t\t\t<div class=\"elementor-widget-container\">\n\t\t\t\t\t\t\t\t\tAgglotech verweigert die konventionelle Ausstellungslogik und verwandelt den Raum in ein <b>Proszenium<\/b>, in dem Architektur und menschliche Pr\u00e4senz einander zusammenhalten.\nIn diesem Projekt zeigt <i>Architectural Terrazzo<\/i> seine authentischste Natur, nicht als Ornament, sondern als Material, <b>das Tradition und zeitgen\u00f6ssisches Design<\/b> auf der einen, Disziplin und Spiel auf der anderen Seite zusammenzuhalten vermag.\t\t\t\t\t\t\t\t<\/div>\n\t\t\t\t<\/div>\n\t\t\t\t<div class=\"elementor-element elementor-element-38e66aa elementor-widget elementor-widget-text-editor\" data-id=\"38e66aa\" data-element_type=\"widget\" data-e-type=\"widget\" data-widget_type=\"text-editor.default\">\n\t\t\t\t<div class=\"elementor-widget-container\">\n\t\t\t\t\t\t\t\t\tDer Stand ist um eine Abfolge paralleler Rahmen aufgebaut, die Tiefe erzeugen und den Rhythmus der Szene bestimmen. Die Besucher durchqueren die Installation wie das Betreten eines Modells und werden Teil einer sorgf\u00e4ltig komponierten r\u00e4umlichen Szene.\nDie menschliche Pr\u00e4senz f\u00fcgt sich in das Projekt ein: Bar, Sitzbereiche und Begegnungszonen entstammen demselben generativen System und laden zu Momenten des Verweilens, der Betrachtung und des Spiels ein. Das Diorama wird zu einer in sich geschlossenen Welt alles was zum Bewohnen n\u00f6tig ist, entsteht aus demselben Material.<br>Elements schl\u00e4gt einen alternativen Weg der Materialausstellung vor: nicht als Muster, nicht als Spektakel, sondern als<b> bewohnbarer Beweis<\/b>. Ein Ort, an dem sich materielle Intelligenz durch Raum, Zeit und menschlichen Gebrauch manifestiert.   \t\t\t\t\t\t\t\t<\/div>\n\t\t\t\t<\/div>\n\t\t\t\t<\/div>\n\t\t\t\t<\/div>\n\t\t<div class=\"elementor-element elementor-element-c5f77b9 e-con-full e-flex e-con e-parent\" data-id=\"c5f77b9\" data-element_type=\"container\" data-e-type=\"container\">\n\t\t<div class=\"elementor-element elementor-element-07ee2db e-con-full e-flex e-con e-child\" data-id=\"07ee2db\" data-element_type=\"container\" data-e-type=\"container\">\n\t\t\t\t<div class=\"elementor-element elementor-element-92b4274 elementor-widget elementor-widget-heading\" data-id=\"92b4274\" data-element_type=\"widget\" data-e-type=\"widget\" data-widget_type=\"heading.default\">\n\t\t\t\t<div class=\"elementor-widget-container\">\n\t\t\t\t\t<h2 class=\"elementor-heading-title elementor-size-default\">Wenn Farbe Architektur ist<\/h2>\t\t\t\t<\/div>\n\t\t\t\t<\/div>\n\t\t<div class=\"elementor-element elementor-element-cc44089 e-con-full e-flex e-con e-child\" data-id=\"cc44089\" data-element_type=\"container\" data-e-type=\"container\" data-settings=\"{&quot;background_background&quot;:&quot;classic&quot;}\">\n\t\t\t\t<div class=\"elementor-element elementor-element-9a013c8 elementor-widget elementor-widget-text-editor\" data-id=\"9a013c8\" data-element_type=\"widget\" data-e-type=\"widget\" data-widget_type=\"text-editor.default\">\n\t\t\t\t<div class=\"elementor-widget-container\">\n\t\t\t\t\t\t\t\t\tTerrazzo wird hier als nicht-hierarchisches Feld verstanden: dicht und zugleich pr\u00e4zise, f\u00e4hig, durch Farbe und Textur Atmosph\u00e4re zu erzeugen. Die chromatische Entscheidung, warmes Beige der Terrazzoelemente vor einem tiefen Gr\u00fcn, ist nicht dekorativ, sondern architektonisch. Der Pavillon konkurriert nicht mit dem Messeumfeld; er hebt sich davon ab und behauptet sich als autonomes Fragment, das vor\u00fcbergehend in den Ausstellungsraum eingef\u00fcgt ist.   \t\t\t\t\t\t\t\t<\/div>\n\t\t\t\t<\/div>\n\t\t\t\t<\/div>\n\t\t\t\t<\/div>\n\t\t<div class=\"elementor-element elementor-element-da24351 e-con-full e-flex e-con e-child\" data-id=\"da24351\" data-element_type=\"container\" data-e-type=\"container\">\n\t\t\t\t<div class=\"elementor-element elementor-element-91b1dbd elementor-widget elementor-widget-image\" data-id=\"91b1dbd\" data-element_type=\"widget\" data-e-type=\"widget\" data-widget_type=\"image.default\">\n\t\t\t\t<div class=\"elementor-widget-container\">\n\t\t\t\t\t\t\t\t\t\t\t\t\t\t\t<img decoding=\"async\" width=\"845\" height=\"749\" src=\"https:\/\/agglotech.com\/wp-content\/uploads\/2026\/04\/Group-305.png\" class=\"attachment-full size-full wp-image-43147\" alt=\"\" srcset=\"https:\/\/agglotech.com\/wp-content\/uploads\/2026\/04\/Group-305.png 845w, https:\/\/agglotech.com\/wp-content\/uploads\/2026\/04\/Group-305-300x266.png 300w, https:\/\/agglotech.com\/wp-content\/uploads\/2026\/04\/Group-305-768x681.png 768w\" sizes=\"(max-width: 845px) 100vw, 845px\" title=\"Group 305 - Agglotech\" \/>\t\t\t\t\t\t\t\t\t\t\t\t\t\t\t<\/div>\n\t\t\t\t<\/div>\n\t\t\t\t<\/div>\n\t\t\t\t<\/div>\n\t\t<div class=\"elementor-element elementor-element-b35d9a4 e-con-full e-flex e-con e-parent\" data-id=\"b35d9a4\" data-element_type=\"container\" data-e-type=\"container\">\n\t\t<div class=\"elementor-element elementor-element-9dd8de5 e-con-full e-flex e-con e-child\" data-id=\"9dd8de5\" data-element_type=\"container\" data-e-type=\"container\">\n\t\t\t\t<div class=\"elementor-element elementor-element-1fc42b1 elementor-widget elementor-widget-image\" data-id=\"1fc42b1\" data-element_type=\"widget\" data-e-type=\"widget\" data-widget_type=\"image.default\">\n\t\t\t\t<div class=\"elementor-widget-container\">\n\t\t\t\t\t\t\t\t\t\t\t\t\t\t\t<img decoding=\"async\" width=\"983\" height=\"453\" src=\"https:\/\/agglotech.com\/wp-content\/uploads\/2026\/04\/sedie-marmo.jpg\" class=\"attachment-full size-full wp-image-43025\" alt=\"\" srcset=\"https:\/\/agglotech.com\/wp-content\/uploads\/2026\/04\/sedie-marmo.jpg 983w, https:\/\/agglotech.com\/wp-content\/uploads\/2026\/04\/sedie-marmo-300x138.jpg 300w, https:\/\/agglotech.com\/wp-content\/uploads\/2026\/04\/sedie-marmo-768x354.jpg 768w\" sizes=\"(max-width: 983px) 100vw, 983px\" title=\"sedie-marmo - Agglotech\" \/>\t\t\t\t\t\t\t\t\t\t\t\t\t\t\t<\/div>\n\t\t\t\t<\/div>\n\t\t\t\t<\/div>\n\t\t<div class=\"elementor-element elementor-element-c3f4056 e-con-full e-flex e-con e-child\" data-id=\"c3f4056\" data-element_type=\"container\" data-e-type=\"container\">\n\t\t\t\t<div class=\"elementor-element elementor-element-e978aaf elementor-widget elementor-widget-heading\" data-id=\"e978aaf\" data-element_type=\"widget\" data-e-type=\"widget\" data-widget_type=\"heading.default\">\n\t\t\t\t<div class=\"elementor-widget-container\">\n\t\t\t\t\t<h2 class=\"elementor-heading-title elementor-size-default\">Die Vision von Michael Vincent UY<\/h2>\t\t\t\t<\/div>\n\t\t\t\t<\/div>\n\t\t<div class=\"elementor-element elementor-element-5c19768 e-con-full e-flex e-con e-child\" data-id=\"5c19768\" data-element_type=\"container\" data-e-type=\"container\" data-settings=\"{&quot;background_background&quot;:&quot;classic&quot;}\">\n\t\t\t\t<div class=\"elementor-element elementor-element-00a95e8 elementor-widget elementor-widget-text-editor\" data-id=\"00a95e8\" data-element_type=\"widget\" data-e-type=\"widget\" data-widget_type=\"text-editor.default\">\n\t\t\t\t<div class=\"elementor-widget-container\">\n\t\t\t\t\t\t\t\t\tElements tr\u00e4gt die Handschrift von <b>Michael Vincent UY<\/b>, <i>Creative Director von Agglotech<\/i>. Seine ist eine pr\u00e4zise \u00c4sthetik: Geschichte und Gegenwart in Balance, Detail und r\u00e4umliche Klarheit als einzige Sprache. Ein Ansatz, der Architektur, Design und kulturelle Identit\u00e4t niemals trennt. Das Ergebnis ist ein Raum, der nicht betrachtet werden will, sondern durchschritten.   \t\t\t\t\t\t\t\t<\/div>\n\t\t\t\t<\/div>\n\t\t\t\t<div class=\"elementor-element elementor-element-c030404 elementor-widget elementor-widget-text-editor\" data-id=\"c030404\" data-element_type=\"widget\" data-e-type=\"widget\" data-widget_type=\"text-editor.default\">\n\t\t\t\t<div class=\"elementor-widget-container\">\n\t\t\t\t\t\t\t\t\tTerrazzo l\u00e4sst sich nicht beschreiben. Man muss ihn durchqueren.\t\t\t\t\t\t\t\t<\/div>\n\t\t\t\t<\/div>\n\t\t\t\t<div class=\"elementor-element elementor-element-1b7d139 elementor-widget elementor-widget-text-editor\" data-id=\"1b7d139\" data-element_type=\"widget\" data-e-type=\"widget\" data-widget_type=\"text-editor.default\">\n\t\t\t\t<div class=\"elementor-widget-container\">\n\t\t\t\t\t\t\t\t\tWillkommen bei Elements.\t\t\t\t\t\t\t\t<\/div>\n\t\t\t\t<\/div>\n\t\t\t\t<\/div>\n\t\t\t\t<\/div>\n\t\t\t\t<\/div>\n\t\t<div class=\"elementor-element elementor-element-a95357b e-con-full e-flex e-con e-parent\" data-id=\"a95357b\" data-element_type=\"container\" data-e-type=\"container\">\n\t\t<div class=\"elementor-element elementor-element-6039c47 e-con-full e-flex e-con e-child\" data-id=\"6039c47\" data-element_type=\"container\" data-e-type=\"container\">\n\t\t\t\t<div class=\"elementor-element elementor-element-48bd23a elementor-widget elementor-widget-text-editor\" data-id=\"48bd23a\" data-element_type=\"widget\" data-e-type=\"widget\" data-widget_type=\"text-editor.default\">\n\t\t\t\t<div class=\"elementor-widget-container\">\n\t\t\t\t\t\t\t\t\tWir freuen uns auf Ihren Besuch <b>vom 21. bis 26. April in Halle 13<\/b>, <b>Stand D32<\/b>. \t\t\t\t\t\t\t\t<\/div>\n\t\t\t\t<\/div>\n\t\t\t\t<div class=\"elementor-element elementor-element-8e64b5a elementor-widget elementor-widget-text-editor\" data-id=\"8e64b5a\" data-element_type=\"widget\" data-e-type=\"widget\" data-widget_type=\"text-editor.default\">\n\t\t\t\t<div class=\"elementor-widget-container\">\n\t\t\t\t\t\t\t\t\tEntdecken Sie das <a style=\"text-decoration:underline\" href=\"https:\/\/www.salonemilano.it\/it\/brands\/agglotech-spa\" rel=\"noopener\" target=\"_blank\">Markenprofil von Agglotech<\/a> auf der offiziellen Website der Salone del Mobile. \t\t\t\t\t\t\t\t<\/div>\n\t\t\t\t<\/div>\n\t\t\t\t<\/div>\n\t\t\t\t<\/div>\n\t\t<div class=\"elementor-element elementor-element-546be1b e-con-full e-flex e-con e-parent\" data-id=\"546be1b\" data-element_type=\"container\" data-e-type=\"container\">\n\t\t<div class=\"elementor-element elementor-element-a6893b6 e-con-full e-flex e-con e-child\" data-id=\"a6893b6\" data-element_type=\"container\" data-e-type=\"container\">\n\t\t\t\t<div class=\"elementor-element elementor-element-c5bfc9b elementor-widget elementor-widget-text-editor\" data-id=\"c5bfc9b\" data-element_type=\"widget\" data-e-type=\"widget\" data-widget_type=\"text-editor.default\">\n\t\t\t\t<div class=\"elementor-widget-container\">\n\t\t\t\t\t\t\t\t\t    <div style=\"width:100%;overflow:hidden;box-sizing:border-box;padding:20px 25px;\">\n        <iframe\n            id=\"map\"\n            style=\"width:100%;height:750px;border:none;display:block;\"\n            src=\"https:\/\/indoor.woosmap.com\/salone-del-mobile\/map\/?language=it&#038;token=eyJ0eXAiOiJKV1QiLCJhbGciOiJIUzI1NiJ9.eyJpZCI6MCwiaWF0IjoxNzc1ODI2Mjg3fQ.XqOkKBJL2ZWK-SpTvaEYublAGIom_S41ziRO4Vk4jpk\"\n            loading=\"lazy\"\n            allowfullscreen>\n        <\/iframe>\n    <\/div>\n    \t\t\t\t\t\t\t\t<\/div>\n\t\t\t\t<\/div>\n\t\t\t\t<\/div>\n\t\t\t\t<\/div>\n\t\t\t\t<\/div>\n\t\t","protected":false},"excerpt":{"rendered":"<p>Salone del Mobile 2026 Was geschieht, wenn Terrazzo aufh\u00f6rt, eine Oberfl\u00e4che zu sein, und zur architektonischen Substanz wird? Agglotech beantwortet diese Frage mit ELEMENTS: einem Diorama im Ma\u00dfstab 1:1, einem konstruierten Raum, in dem Material, Struktur und menschliche Pr\u00e4senz zu einer einzigen Szene verschmelzen. Ein immersives Erlebnis, gestaltet wie ein Proszenium, ein Ort, an dem [&hellip;]<\/p>\n","protected":false},"author":1,"featured_media":0,"parent":0,"menu_order":0,"comment_status":"closed","ping_status":"closed","template":"","meta":{"footnotes":""},"class_list":["post-43020","page","type-page","status-publish","hentry"],"aioseo_notices":[],"_links":{"self":[{"href":"https:\/\/agglotech.com\/de\/wp-json\/wp\/v2\/pages\/43020","targetHints":{"allow":["GET"]}}],"collection":[{"href":"https:\/\/agglotech.com\/de\/wp-json\/wp\/v2\/pages"}],"about":[{"href":"https:\/\/agglotech.com\/de\/wp-json\/wp\/v2\/types\/page"}],"author":[{"embeddable":true,"href":"https:\/\/agglotech.com\/de\/wp-json\/wp\/v2\/users\/1"}],"replies":[{"embeddable":true,"href":"https:\/\/agglotech.com\/de\/wp-json\/wp\/v2\/comments?post=43020"}],"version-history":[{"count":0,"href":"https:\/\/agglotech.com\/de\/wp-json\/wp\/v2\/pages\/43020\/revisions"}],"wp:attachment":[{"href":"https:\/\/agglotech.com\/de\/wp-json\/wp\/v2\/media?parent=43020"}],"curies":[{"name":"wp","href":"https:\/\/api.w.org\/{rel}","templated":true}]}}