{"id":34753,"date":"2025-05-23T12:22:45","date_gmt":"2025-05-23T12:22:45","guid":{"rendered":"https:\/\/agglotech.com\/anwendungen\/"},"modified":"2026-04-16T12:54:07","modified_gmt":"2026-04-16T12:54:07","slug":"anwendungen","status":"publish","type":"page","link":"https:\/\/agglotech.com\/de\/anwendungen\/","title":{"rendered":"ANWENDUNGEN"},"content":{"rendered":"\t\t<div data-elementor-type=\"wp-page\" data-elementor-id=\"34753\" class=\"elementor elementor-34753 elementor-141\" data-elementor-post-type=\"page\">\n\t\t\t\t<div class=\"elementor-element elementor-element-2c624e3 e-con-full e-flex e-con e-parent\" data-id=\"2c624e3\" data-element_type=\"container\" data-e-type=\"container\" data-settings=\"{&quot;background_background&quot;:&quot;classic&quot;}\">\n\t\t<div class=\"elementor-element elementor-element-e4237ff e-con-full e-flex e-con e-child\" data-id=\"e4237ff\" data-element_type=\"container\" data-e-type=\"container\" data-settings=\"{&quot;background_background&quot;:&quot;slideshow&quot;,&quot;background_slideshow_gallery&quot;:[{&quot;id&quot;:17984,&quot;url&quot;:&quot;https:\\\/\\\/agglotech.com\\\/wp-content\\\/uploads\\\/2025\\\/10\\\/LIGHTWELL-Taipei-Taiwan-SB-143-SB-240-SB-250-retail-04-2.jpg&quot;},{&quot;id&quot;:17976,&quot;url&quot;:&quot;https:\\\/\\\/agglotech.com\\\/wp-content\\\/uploads\\\/2025\\\/10\\\/am-knie-munich-germany-sb100-centri-direzionali-rivestimenti-1-ok-1.jpg&quot;},{&quot;id&quot;:17980,&quot;url&quot;:&quot;https:\\\/\\\/agglotech.com\\\/wp-content\\\/uploads\\\/2025\\\/10\\\/falconeri-firenze-custom-retail-2-ok-1.jpg&quot;},{&quot;id&quot;:17972,&quot;url&quot;:&quot;https:\\\/\\\/agglotech.com\\\/wp-content\\\/uploads\\\/2025\\\/10\\\/a6651535-40d8-4fa1-ada0-1dffc6397bef-1.jpg&quot;},{&quot;id&quot;:17968,&quot;url&quot;:&quot;https:\\\/\\\/agglotech.com\\\/wp-content\\\/uploads\\\/2025\\\/10\\\/35b0c197-bef6-4f9f-bac7-2e3bddc34095-1.jpg&quot;}],&quot;background_slideshow_lazyload&quot;:&quot;yes&quot;,&quot;background_slideshow_ken_burns&quot;:&quot;yes&quot;,&quot;background_slideshow_slide_duration&quot;:4000,&quot;background_slideshow_loop&quot;:&quot;yes&quot;,&quot;background_slideshow_slide_transition&quot;:&quot;fade&quot;,&quot;background_slideshow_transition_duration&quot;:500,&quot;background_slideshow_ken_burns_zoom_direction&quot;:&quot;in&quot;}\">\n\t\t\t\t<div class=\"elementor-element elementor-element-4be1d4e animated-slow elementor-invisible elementor-widget elementor-widget-heading\" data-id=\"4be1d4e\" data-element_type=\"widget\" data-e-type=\"widget\" data-settings=\"{&quot;_animation&quot;:&quot;fadeInDown&quot;}\" data-widget_type=\"heading.default\">\n\t\t\t\t<div class=\"elementor-widget-container\">\n\t\t\t\t\t<h1 class=\"elementor-heading-title elementor-size-default\">ANWENDUNGEN<\/h1>\t\t\t\t<\/div>\n\t\t\t\t<\/div>\n\t\t\t\t<\/div>\n\t\t\t\t<\/div>\n\t\t<div class=\"elementor-element elementor-element-40c6c8a e-con-full e-flex e-con e-parent\" data-id=\"40c6c8a\" data-element_type=\"container\" data-e-type=\"container\">\n\t\t<div class=\"elementor-element elementor-element-11289f7 e-con-full e-flex e-con e-child\" data-id=\"11289f7\" data-element_type=\"container\" data-e-type=\"container\">\n\t\t\t\t<div class=\"elementor-element elementor-element-7d0c845 elementor-widget elementor-widget-heading\" data-id=\"7d0c845\" data-element_type=\"widget\" data-e-type=\"widget\" data-widget_type=\"heading.default\">\n\t\t\t\t<div class=\"elementor-widget-container\">\n\t\t\t\t\t<h2 class=\"elementor-heading-title elementor-size-default\">Alle Terrazzo-Anwendungen f\u00fcr ma\u00dfgeschneiderte Projekte<\/h2>\t\t\t\t<\/div>\n\t\t\t\t<\/div>\n\t\t\t\t<\/div>\n\t\t<div class=\"elementor-element elementor-element-464f185 e-con-full e-flex e-con e-child\" data-id=\"464f185\" data-element_type=\"container\" data-e-type=\"container\" data-settings=\"{&quot;background_background&quot;:&quot;classic&quot;}\">\n\t\t\t\t<div class=\"elementor-element elementor-element-cca3c3e elementor-widget elementor-widget-text-editor\" data-id=\"cca3c3e\" data-element_type=\"widget\" data-e-type=\"widget\" data-widget_type=\"text-editor.default\">\n\t\t\t\t<div class=\"elementor-widget-container\">\n\t\t\t\t\t\t\t\t\t<p style=\"margin: 0;\">Agglotech-Terrazzo passt sich <b>jedem architektonischen Anspruch an<\/b>, von der Bodengestaltung bis zu Designelementen f\u00fcr Innen- und Au\u00dfenbereiche. Es ist in Formaten, Ausf\u00fchrungen und Bearbeitungen erh\u00e4ltlich, die zum Einsatz in jedem Projektteil konzipiert sind: <b>horizontale, vertikale Fl\u00e4chen und ma\u00dfgeschneiderte Elemente<\/b>. Vom Boden bis zur Fassade, bis hin zu Innendesign-Details \u2013 alle Betonwerkstein-Anwendungen sind darauf ausgerichtet, Widerstandsf\u00e4higkeit, \u00e4sthetische Kontinuit\u00e4t und gestalterische Freiheit zu gew\u00e4hrleisten.  <\/p>\t\t\t\t\t\t\t\t<\/div>\n\t\t\t\t<\/div>\n\t\t\t\t<\/div>\n\t\t\t\t<div class=\"elementor-element elementor-element-df1b045 elementor-widget elementor-widget-text-editor\" data-id=\"df1b045\" data-element_type=\"widget\" data-e-type=\"widget\" data-widget_type=\"text-editor.default\">\n\t\t\t\t<div class=\"elementor-widget-container\">\n\t\t\t\t\t\t\t\t\tEntdecken Sie alle Agglotech-Terrazzo-Anwendungen mit realisierten Beispielen, technischen Hinweisen und Inspirationen f\u00fcr Ihr n\u00e4chstes Projekt!\t\t\t\t\t\t\t\t<\/div>\n\t\t\t\t<\/div>\n\t\t\t\t<\/div>\n\t\t<div class=\"elementor-element elementor-element-2b00840 e-con-full e-flex e-con e-parent\" data-id=\"2b00840\" data-element_type=\"container\" data-e-type=\"container\">\n\t\t<div class=\"elementor-element elementor-element-1c3a947 e-con-full e-flex e-con e-child\" data-id=\"1c3a947\" data-element_type=\"container\" data-e-type=\"container\">\n\t\t<a class=\"elementor-element elementor-element-de0abcb e-con-full box-applicazioni e-flex e-con e-child\" data-id=\"de0abcb\" data-element_type=\"container\" data-e-type=\"container\" href=\"https:\/\/agglotech.com\/applicazioni-del-terrazzo\/pavimenti\/\">\n\t\t\t\t<div class=\"elementor-element elementor-element-a40c096 title-applicazioni elementor-widget elementor-widget-heading\" data-id=\"a40c096\" data-element_type=\"widget\" data-e-type=\"widget\" data-widget_type=\"heading.default\">\n\t\t\t\t<div class=\"elementor-widget-container\">\n\t\t\t\t\t<h2 class=\"elementor-heading-title elementor-size-default\">B\u00d6DEN<\/h2>\t\t\t\t<\/div>\n\t\t\t\t<\/div>\n\t\t\t\t<div class=\"elementor-element elementor-element-dcd2f54 text-applicazioni elementor-widget elementor-widget-text-editor\" data-id=\"dcd2f54\" data-element_type=\"widget\" data-e-type=\"widget\" data-widget_type=\"text-editor.default\">\n\t\t\t\t<div class=\"elementor-widget-container\">\n\t\t\t\t\t\t\t\t\tWiderstandsf\u00e4hige und vielseitige L\u00f6sungen f\u00fcr Innen- und Au\u00dfenbereiche, auch in stark frequentierten Bereichen wie Eingangshallen, Einkaufsgalerien und \u00f6ffentliche R\u00e4ume.\t\t\t\t\t\t\t\t<\/div>\n\t\t\t\t<\/div>\n\t\t\t\t<\/a>\n\t\t<a class=\"elementor-element elementor-element-8755323 e-con-full box-applicazioni e-flex e-con e-child\" data-id=\"8755323\" data-element_type=\"container\" data-e-type=\"container\" href=\"https:\/\/agglotech.com\/applicazioni-del-terrazzo\/scale\/\">\n\t\t\t\t<div class=\"elementor-element elementor-element-b1d6a25 title-applicazioni elementor-widget elementor-widget-heading\" data-id=\"b1d6a25\" data-element_type=\"widget\" data-e-type=\"widget\" data-widget_type=\"heading.default\">\n\t\t\t\t<div class=\"elementor-widget-container\">\n\t\t\t\t\t<h2 class=\"elementor-heading-title elementor-size-default\">TREPPEN<\/h2>\t\t\t\t<\/div>\n\t\t\t\t<\/div>\n\t\t\t\t<div class=\"elementor-element elementor-element-8723483 text-applicazioni elementor-widget elementor-widget-text-editor\" data-id=\"8723483\" data-element_type=\"widget\" data-e-type=\"widget\" data-widget_type=\"text-editor.default\">\n\t\t\t\t<div class=\"elementor-widget-container\">\n\t\t\t\t\t\t\t\t\tStufen, Trittstufen, Setzstufen und monolithische Bl\u00f6cke aus Betonwerkstein, entwickelt um Sicherheit, Haltbarkeit und optische Kontinuit\u00e4t zwischen den verschiedenen Ebenen des Projekts zu vereinen.\t\t\t\t\t\t\t\t<\/div>\n\t\t\t\t<\/div>\n\t\t\t\t<\/a>\n\t\t<a class=\"elementor-element elementor-element-0a43771 e-con-full box-applicazioni e-flex e-con e-child\" data-id=\"0a43771\" data-element_type=\"container\" data-e-type=\"container\" href=\"https:\/\/agglotech.com\/applicazioni-del-terrazzo\/retail\/\">\n\t\t\t\t<div class=\"elementor-element elementor-element-de418fd title-applicazioni elementor-widget elementor-widget-heading\" data-id=\"de418fd\" data-element_type=\"widget\" data-e-type=\"widget\" data-widget_type=\"heading.default\">\n\t\t\t\t<div class=\"elementor-widget-container\">\n\t\t\t\t\t<h2 class=\"elementor-heading-title elementor-size-default\">EINZELHANDEL<\/h2>\t\t\t\t<\/div>\n\t\t\t\t<\/div>\n\t\t\t\t<div class=\"elementor-element elementor-element-78ce435 text-applicazioni elementor-widget elementor-widget-text-editor\" data-id=\"78ce435\" data-element_type=\"widget\" data-e-type=\"widget\" data-widget_type=\"text-editor.default\">\n\t\t\t\t<div class=\"elementor-widget-container\">\n\t\t\t\t\t\t\t\t\tBetonwerkstein -Fl\u00e4chen f\u00fcr Gesch\u00e4fte, Boutiquen und Ausstellungsfl\u00e4chen, konzipiert, intensiven Personenverkehr und die Markenidentit\u00e4t hervorzuheben.\t\t\t\t\t\t\t\t<\/div>\n\t\t\t\t<\/div>\n\t\t\t\t<\/a>\n\t\t<a class=\"elementor-element elementor-element-8fc26cb e-con-full box-applicazioni e-flex e-con e-child\" data-id=\"8fc26cb\" data-element_type=\"container\" data-e-type=\"container\" href=\"https:\/\/agglotech.com\/applicazioni-del-terrazzo\/rivestimenti\/\">\n\t\t\t\t<div class=\"elementor-element elementor-element-36e4eae title-applicazioni elementor-widget elementor-widget-heading\" data-id=\"36e4eae\" data-element_type=\"widget\" data-e-type=\"widget\" data-widget_type=\"heading.default\">\n\t\t\t\t<div class=\"elementor-widget-container\">\n\t\t\t\t\t<h2 class=\"elementor-heading-title elementor-size-default\">VERKLEIDUNGEN<\/h2>\t\t\t\t<\/div>\n\t\t\t\t<\/div>\n\t\t\t\t<div class=\"elementor-element elementor-element-f498369 text-applicazioni elementor-widget elementor-widget-text-editor\" data-id=\"f498369\" data-element_type=\"widget\" data-e-type=\"widget\" data-widget_type=\"text-editor.default\">\n\t\t\t\t<div class=\"elementor-widget-container\">\n\t\t\t\t\t\t\t\t\tInnen- und Au\u00dfenw\u00e4nde, die mit dem Bodenbelag abgestimmt sind, um kontinuierliche und koh\u00e4rente Umgebungen in Architektur und Innendesign zu schaffen.\t\t\t\t\t\t\t\t<\/div>\n\t\t\t\t<\/div>\n\t\t\t\t<\/a>\n\t\t<a class=\"elementor-element elementor-element-6f5fa9a e-con-full box-applicazioni e-flex e-con e-child\" data-id=\"6f5fa9a\" data-element_type=\"container\" data-e-type=\"container\" href=\"https:\/\/agglotech.com\/applicazioni-del-terrazzo\/facciate-ventilate\/\">\n\t\t\t\t<div class=\"elementor-element elementor-element-a09ea00 title-applicazioni elementor-widget elementor-widget-heading\" data-id=\"a09ea00\" data-element_type=\"widget\" data-e-type=\"widget\" data-widget_type=\"heading.default\">\n\t\t\t\t<div class=\"elementor-widget-container\">\n\t\t\t\t\t<h2 class=\"elementor-heading-title elementor-size-default\">HINTERL\u00dcFTETE FASSADEN<\/h2>\t\t\t\t<\/div>\n\t\t\t\t<\/div>\n\t\t\t\t<div class=\"elementor-element elementor-element-ea1af84 text-applicazioni elementor-widget elementor-widget-text-editor\" data-id=\"ea1af84\" data-element_type=\"widget\" data-e-type=\"widget\" data-widget_type=\"text-editor.default\">\n\t\t\t\t<div class=\"elementor-widget-container\">\n\t\t\t\t\t\t\t\t\tZertifiziertes System f\u00fcr hochleistungsf\u00e4hige architektonische Umh\u00fcllungen mit witterungsbest\u00e4ndigen Platten und gro\u00dfer Gestaltungsfreiheit.\t\t\t\t\t\t\t\t<\/div>\n\t\t\t\t<\/div>\n\t\t\t\t<\/a>\n\t\t<a class=\"elementor-element elementor-element-f8690ed e-con-full box-applicazioni e-flex e-con e-child\" data-id=\"f8690ed\" data-element_type=\"container\" data-e-type=\"container\" href=\"https:\/\/agglotech.com\/applicazioni-del-terrazzo\/lavorazioni-in-massello-in-terrazzo\/\">\n\t\t\t\t<div class=\"elementor-element elementor-element-222fc69 title-applicazioni elementor-widget elementor-widget-heading\" data-id=\"222fc69\" data-element_type=\"widget\" data-e-type=\"widget\" data-widget_type=\"heading.default\">\n\t\t\t\t<div class=\"elementor-widget-container\">\n\t\t\t\t\t<h2 class=\"elementor-heading-title elementor-size-default\">MASSIVARBEITEN<\/h2>\t\t\t\t<\/div>\n\t\t\t\t<\/div>\n\t\t\t\t<div class=\"elementor-element elementor-element-b49fe4d text-applicazioni elementor-widget elementor-widget-text-editor\" data-id=\"b49fe4d\" data-element_type=\"widget\" data-e-type=\"widget\" data-widget_type=\"text-editor.default\">\n\t\t\t\t<div class=\"elementor-widget-container\">\n\t\t\t\t\t\t\t\t\tDreidimensionale Elemente und M\u00f6bel, die aus Blocke geschnitten sind, wie massive Stufen, Sitzb\u00e4nke, Empfangstresen und benutzerdefinierte architektonische Komponenten.\t\t\t\t\t\t\t\t<\/div>\n\t\t\t\t<\/div>\n\t\t\t\t<\/a>\n\t\t<a class=\"elementor-element elementor-element-c0c81fd e-con-full box-applicazioni e-flex e-con e-child\" data-id=\"c0c81fd\" data-element_type=\"container\" data-e-type=\"container\" href=\"https:\/\/agglotech.com\/applicazioni-del-terrazzo\/oggetti\/\">\n\t\t\t\t<div class=\"elementor-element elementor-element-ded89de title-applicazioni elementor-widget elementor-widget-heading\" data-id=\"ded89de\" data-element_type=\"widget\" data-e-type=\"widget\" data-widget_type=\"heading.default\">\n\t\t\t\t<div class=\"elementor-widget-container\">\n\t\t\t\t\t<h2 class=\"elementor-heading-title elementor-size-default\">OBJEKTE<\/h2>\t\t\t\t<\/div>\n\t\t\t\t<\/div>\n\t\t\t\t<div class=\"elementor-element elementor-element-33fa3c5 text-applicazioni elementor-widget elementor-widget-text-editor\" data-id=\"33fa3c5\" data-element_type=\"widget\" data-e-type=\"widget\" data-widget_type=\"text-editor.default\">\n\t\t\t\t<div class=\"elementor-widget-container\">\n\t\t\t\t\t\t\t\t\tBetonwerkstein-Accessoiries und -Objekte wie Tische, Sitze und Dekorationsk\u00f6rper, um das Material auch im Produkt- und Innendesign im kleineren Ma\u00dfstab einzubeziehen.\t\t\t\t\t\t\t\t<\/div>\n\t\t\t\t<\/div>\n\t\t\t\t<\/a>\n\t\t<a class=\"elementor-element elementor-element-426c6f4 e-con-full box-applicazioni e-flex e-con e-child\" data-id=\"426c6f4\" data-element_type=\"container\" data-e-type=\"container\" data-settings=\"{&quot;background_background&quot;:&quot;classic&quot;}\" href=\"https:\/\/agglotech.com\/applicazioni-del-terrazzo\/blocchi-e-lastre-in-terrazzo\/\">\n\t\t\t\t<div class=\"elementor-element elementor-element-b7f79cb title-applicazioni elementor-widget elementor-widget-heading\" data-id=\"b7f79cb\" data-element_type=\"widget\" data-e-type=\"widget\" data-widget_type=\"heading.default\">\n\t\t\t\t<div class=\"elementor-widget-container\">\n\t\t\t\t\t<h2 class=\"elementor-heading-title elementor-size-default\">BL\u00d6CKE UND PLATTEN<\/h2>\t\t\t\t<\/div>\n\t\t\t\t<\/div>\n\t\t\t\t<div class=\"elementor-element elementor-element-c1f60ab text-applicazioni elementor-widget elementor-widget-text-editor\" data-id=\"c1f60ab\" data-element_type=\"widget\" data-e-type=\"widget\" data-widget_type=\"text-editor.default\">\n\t\t\t\t<div class=\"elementor-widget-container\">\n\t\t\t\t\t\t\t\t\tFreier Zuschnitt aus Bl\u00f6cke zum erhalten von gro\u00dfformatigen Platten und Sonderteile, ideal f\u00fcr kontinuierliche Fl\u00e4chen und personalisierte architektonische Details.\t\t\t\t\t\t\t\t<\/div>\n\t\t\t\t<\/div>\n\t\t\t\t<\/a>\n\t\t\t\t<\/div>\n\t\t\t\t<\/div>\n\t\t\t\t<\/div>\n\t\t","protected":false},"excerpt":{"rendered":"<p>ANWENDUNGEN Alle Terrazzo-Anwendungen f\u00fcr ma\u00dfgeschneiderte Projekte Agglotech-Terrazzo passt sich jedem architektonischen Anspruch an, von der Bodengestaltung bis zu Designelementen f\u00fcr Innen- und Au\u00dfenbereiche. Es ist in Formaten, Ausf\u00fchrungen und Bearbeitungen erh\u00e4ltlich, die zum Einsatz in jedem Projektteil konzipiert sind: horizontale, vertikale Fl\u00e4chen und ma\u00dfgeschneiderte Elemente. Vom Boden bis zur Fassade, bis hin zu Innendesign-Details \u2013 [&hellip;]<\/p>\n","protected":false},"author":1,"featured_media":0,"parent":0,"menu_order":1,"comment_status":"closed","ping_status":"closed","template":"","meta":{"footnotes":""},"class_list":["post-34753","page","type-page","status-publish","hentry"],"aioseo_notices":[],"_links":{"self":[{"href":"https:\/\/agglotech.com\/de\/wp-json\/wp\/v2\/pages\/34753","targetHints":{"allow":["GET"]}}],"collection":[{"href":"https:\/\/agglotech.com\/de\/wp-json\/wp\/v2\/pages"}],"about":[{"href":"https:\/\/agglotech.com\/de\/wp-json\/wp\/v2\/types\/page"}],"author":[{"embeddable":true,"href":"https:\/\/agglotech.com\/de\/wp-json\/wp\/v2\/users\/1"}],"replies":[{"embeddable":true,"href":"https:\/\/agglotech.com\/de\/wp-json\/wp\/v2\/comments?post=34753"}],"version-history":[{"count":2,"href":"https:\/\/agglotech.com\/de\/wp-json\/wp\/v2\/pages\/34753\/revisions"}],"predecessor-version":[{"id":43438,"href":"https:\/\/agglotech.com\/de\/wp-json\/wp\/v2\/pages\/34753\/revisions\/43438"}],"wp:attachment":[{"href":"https:\/\/agglotech.com\/de\/wp-json\/wp\/v2\/media?parent=34753"}],"curies":[{"name":"wp","href":"https:\/\/api.w.org\/{rel}","templated":true}]}}