{"id":34154,"date":"2025-11-10T13:25:49","date_gmt":"2025-11-10T13:25:49","guid":{"rendered":"https:\/\/agglotech.com\/katalog\/"},"modified":"2026-04-20T15:16:10","modified_gmt":"2026-04-20T15:16:10","slug":"katalog","status":"publish","type":"page","link":"https:\/\/agglotech.com\/de\/katalog\/","title":{"rendered":"KATALOG"},"content":{"rendered":"\t\t<div data-elementor-type=\"wp-page\" data-elementor-id=\"34154\" class=\"elementor elementor-34154 elementor-18737\" data-elementor-post-type=\"page\">\n\t\t\t\t<div class=\"elementor-element elementor-element-097d858 e-con-full e-flex e-con e-parent\" data-id=\"097d858\" data-element_type=\"container\" data-e-type=\"container\" data-settings=\"{&quot;background_background&quot;:&quot;classic&quot;}\">\n\t\t<div class=\"elementor-element elementor-element-1099d92 e-con-full e-flex e-con e-child\" data-id=\"1099d92\" data-element_type=\"container\" data-e-type=\"container\" data-settings=\"{&quot;background_background&quot;:&quot;classic&quot;}\">\n\t\t\t\t<div class=\"elementor-element elementor-element-82c8833 animated-slow elementor-invisible elementor-widget elementor-widget-heading\" data-id=\"82c8833\" data-element_type=\"widget\" data-e-type=\"widget\" data-settings=\"{&quot;_animation&quot;:&quot;fadeInDown&quot;}\" data-widget_type=\"heading.default\">\n\t\t\t\t<div class=\"elementor-widget-container\">\n\t\t\t\t\t<h1 class=\"elementor-heading-title elementor-size-default\">KATALOG TERRAZZO AGGLOTECH<\/h1>\t\t\t\t<\/div>\n\t\t\t\t<\/div>\n\t\t\t\t<\/div>\n\t\t\t\t<\/div>\n\t\t<div class=\"elementor-element elementor-element-a8442b9 e-con-full e-flex e-con e-parent\" data-id=\"a8442b9\" data-element_type=\"container\" data-e-type=\"container\">\n\t\t<div class=\"elementor-element elementor-element-a8f418c e-con-full e-flex e-con e-child\" data-id=\"a8f418c\" data-element_type=\"container\" data-e-type=\"container\" data-settings=\"{&quot;background_background&quot;:&quot;classic&quot;}\">\n\t\t\t\t<div class=\"elementor-element elementor-element-1e85c8a elementor-widget elementor-widget-text-editor\" data-id=\"1e85c8a\" data-element_type=\"widget\" data-e-type=\"widget\" data-widget_type=\"text-editor.default\">\n\t\t\t\t<div class=\"elementor-widget-container\">\n\t\t\t\t\t\t\t\t\t<p style=\"margin: 0;\">Der <b>Katalog Terrazzo Agglotech<\/b> erz\u00e4hlt die Essenz des venezianischen Terrazos durch einen <b>Weg \u00fcber die Materialien, Farben und Texturen<\/b>, im Gleichgewicht zwischen Tradition und Innovation.<\/p>\t\t\t\t\t\t\t\t<\/div>\n\t\t\t\t<\/div>\n\t\t\t\t<div class=\"elementor-element elementor-element-dffe81a elementor-widget elementor-widget-text-editor\" data-id=\"dffe81a\" data-element_type=\"widget\" data-e-type=\"widget\" data-widget_type=\"text-editor.default\">\n\t\t\t\t<div class=\"elementor-widget-container\">\n\t\t\t\t\t\t\t\t\t<p>Neben dem Bereich f\u00fcr Farben und realisierte Projekte finden Sie eine Zusammenfassung der Merkmale unseres Architectural Terrazzo, technische Informationen und Zertifizierungen, um das Material sowohl mit den Augen des Designs als auch mit denen der Technik zu lesen. <\/p>\t\t\t\t\t\t\t\t<\/div>\n\t\t\t\t<\/div>\n\t\t\t\t<\/div>\n\t\t\t\t<\/div>\n\t\t<div class=\"elementor-element elementor-element-f95d922 e-con-full e-flex e-con e-parent\" data-id=\"f95d922\" data-element_type=\"container\" data-e-type=\"container\">\n\t\t<div class=\"elementor-element elementor-element-204771d e-grid e-con-full e-con e-child\" data-id=\"204771d\" data-element_type=\"container\" data-e-type=\"container\" data-settings=\"{&quot;background_background&quot;:&quot;classic&quot;}\">\n\t\t<div class=\"elementor-element elementor-element-cdb4a18 e-con-full e-flex e-con e-child\" data-id=\"cdb4a18\" data-element_type=\"container\" data-e-type=\"container\" data-settings=\"{&quot;background_background&quot;:&quot;slideshow&quot;,&quot;background_slideshow_gallery&quot;:[{&quot;id&quot;:43510,&quot;url&quot;:&quot;https:\\\/\\\/agglotech.com\\\/wp-content\\\/uploads\\\/2026\\\/04\\\/copertina.png&quot;},{&quot;id&quot;:43511,&quot;url&quot;:&quot;https:\\\/\\\/agglotech.com\\\/wp-content\\\/uploads\\\/2026\\\/04\\\/catalogo-pagina-interna.jpg&quot;},{&quot;id&quot;:43512,&quot;url&quot;:&quot;https:\\\/\\\/agglotech.com\\\/wp-content\\\/uploads\\\/2026\\\/04\\\/catalogo-pag-interna-2.jpg&quot;}],&quot;background_slideshow_slide_duration&quot;:3000,&quot;background_slideshow_lazyload&quot;:&quot;yes&quot;,&quot;background_slideshow_loop&quot;:&quot;yes&quot;,&quot;background_slideshow_slide_transition&quot;:&quot;fade&quot;,&quot;background_slideshow_transition_duration&quot;:500}\">\n\t\t\t\t<\/div>\n\t\t<div class=\"elementor-element elementor-element-9463c9c e-con-full e-flex e-con e-child\" data-id=\"9463c9c\" data-element_type=\"container\" data-e-type=\"container\">\n\t\t\t\t<div class=\"elementor-element elementor-element-ce61622 elementor-widget elementor-widget-text-editor\" data-id=\"ce61622\" data-element_type=\"widget\" data-e-type=\"widget\" data-widget_type=\"text-editor.default\">\n\t\t\t\t<div class=\"elementor-widget-container\">\n\t\t\t\t\t\t\t\t\t<p>Der Katalog Terrazzo Agglotech ist eine <b>Einladung, die Materie in all ihren Nuancen zu erkunden<\/b>: <i>Oberfl\u00e4chen, Ausf\u00fchrungen und Details, die neue L\u00f6sungen f\u00fcr Architektur und Innendesign inspirieren<\/i>, mit dem zeitlosen Stil von Agglotech.<\/p>\t\t\t\t\t\t\t\t<\/div>\n\t\t\t\t<\/div>\n\t\t\t\t<div class=\"elementor-element elementor-element-09b7cf4 elementor-align-left elementor-widget__width-inherit animated-slow elementor-mobile-align-center elementor-tablet-align-center elementor-invisible elementor-widget elementor-widget-button\" data-id=\"09b7cf4\" data-element_type=\"widget\" data-e-type=\"widget\" data-settings=\"{&quot;_animation&quot;:&quot;fadeInUp&quot;}\" role=\"button tabindex\" data-widget_type=\"button.default\">\n\t\t\t\t<div class=\"elementor-widget-container\">\n\t\t\t\t\t\t\t\t\t<div class=\"elementor-button-wrapper\">\n\t\t\t\t\t<a class=\"elementor-button elementor-button-link elementor-size-sm\" href=\"https:\/\/agglotech.com\/docs\/projects\/agglotech-catalogue-2026.pdf\" target=\"_blank\">\n\t\t\t\t\t\t<span class=\"elementor-button-content-wrapper\">\n\t\t\t\t\t\t\t\t\t<span class=\"elementor-button-text\">KATALOG HERUNTERLADEN<\/span>\n\t\t\t\t\t<\/span>\n\t\t\t\t\t<\/a>\n\t\t\t\t<\/div>\n\t\t\t\t\t\t\t\t<\/div>\n\t\t\t\t<\/div>\n\t\t\t\t<\/div>\n\t\t\t\t<\/div>\n\t\t\t\t<\/div>\n\t\t\t\t<\/div>\n\t\t","protected":false},"excerpt":{"rendered":"<p>KATALOG TERRAZZO AGGLOTECH Der Katalog Terrazzo Agglotech erz\u00e4hlt die Essenz des venezianischen Terrazos durch einen Weg \u00fcber die Materialien, Farben und Texturen, im Gleichgewicht zwischen Tradition und Innovation. Neben dem Bereich f\u00fcr Farben und realisierte Projekte finden Sie eine Zusammenfassung der Merkmale unseres Architectural Terrazzo, technische Informationen und Zertifizierungen, um das Material sowohl mit den [&hellip;]<\/p>\n","protected":false},"author":1,"featured_media":0,"parent":0,"menu_order":0,"comment_status":"closed","ping_status":"closed","template":"","meta":{"footnotes":""},"class_list":["post-34154","page","type-page","status-publish","hentry"],"aioseo_notices":[],"_links":{"self":[{"href":"https:\/\/agglotech.com\/de\/wp-json\/wp\/v2\/pages\/34154","targetHints":{"allow":["GET"]}}],"collection":[{"href":"https:\/\/agglotech.com\/de\/wp-json\/wp\/v2\/pages"}],"about":[{"href":"https:\/\/agglotech.com\/de\/wp-json\/wp\/v2\/types\/page"}],"author":[{"embeddable":true,"href":"https:\/\/agglotech.com\/de\/wp-json\/wp\/v2\/users\/1"}],"replies":[{"embeddable":true,"href":"https:\/\/agglotech.com\/de\/wp-json\/wp\/v2\/comments?post=34154"}],"version-history":[{"count":2,"href":"https:\/\/agglotech.com\/de\/wp-json\/wp\/v2\/pages\/34154\/revisions"}],"predecessor-version":[{"id":43514,"href":"https:\/\/agglotech.com\/de\/wp-json\/wp\/v2\/pages\/34154\/revisions\/43514"}],"wp:attachment":[{"href":"https:\/\/agglotech.com\/de\/wp-json\/wp\/v2\/media?parent=34154"}],"curies":[{"name":"wp","href":"https:\/\/api.w.org\/{rel}","templated":true}]}}